{"id":9964,"date":"2017-03-05T21:40:08","date_gmt":"2017-03-06T00:40:08","guid":{"rendered":"http:\/\/moresa.templines.org\/?page_id=9964"},"modified":"2020-08-15T02:16:03","modified_gmt":"2020-08-15T05:16:03","slug":"nosotros","status":"publish","type":"page","link":"https:\/\/fidafederation.org\/es\/nosotros\/","title":{"rendered":"Nosotros"},"content":{"rendered":"<div class=\"wpb-content-wrapper\"><p>[vc_row content_placement=&#8221;top&#8221; gradient_colors=&#8221;%5B%7B%7D%5D&#8221;][vc_column width=&#8221;1\/2&#8243; gradient_colors=&#8221;%5B%7B%7D%5D&#8221; css=&#8221;.vc_custom_1488750525232{padding-right: 60px !important;}&#8221;][vc_custom_heading text=&#8221;\u00bfQui\u00e9nes somos?&#8221; font_container=&#8221;tag:h2|font_size:48|text_align:left|color:%23034ea2|line_height:1.1&#8243; google_fonts=&#8221;font_family:Raleway%3A100%2C200%2C300%2Cregular%2C500%2C600%2C700%2C800%2C900|font_style:700%20bold%20regular%3A700%3Anormal&#8221; css=&#8221;.vc_custom_1593403147710{padding-top: 0px !important;padding-bottom: 0px !important;}&#8221; el_class=&#8221;decor-right&#8221;][vc_custom_heading text=&#8221;FIDA es una Organizaci\u00f3n No Gubernamental (ONG) internacional con estatus consultivo en el Consejo Econ\u00f3mico y Social de las Naciones Unidas (ECOSOC).&#8221; font_container=&#8221;tag:p|font_size:18|text_align:left|color:%23222222|line_height:1.9&#8243; google_fonts=&#8221;font_family:Merriweather%3A300%2C300italic%2Cregular%2Citalic%2C700%2C700italic%2C900%2C900italic|font_style:300%20light%20italic%3A300%3Aitalic&#8221; css=&#8221;.vc_custom_1593403195176{padding-top: 30px !important;padding-bottom: 0px !important;}&#8221;][vc_column_text]Constituido en 1944 en la Ciudad de M\u00e9xico, el grupo fue conocido oficialmente por su nombre en espa\u00f1ol, Federaci\u00f3n Internacional de Abogadas (FIDA). Su misi\u00f3n es promover el bienestar de las mujeres y los ni\u00f1os, junto con los principios y objetivos de las Naciones Unidas en sus aspectos legales y sociales.<\/p>\n<p>FIDA obtuvo el estatus consultivo de la ONU en 1954\u00a0 y est\u00e1 formada por miembros individuales y organizaciones afiliadas. Los miembros individuales deben ser mujeres admitidas para el ejercicio de la abogac\u00eda en sus respectivos pa\u00edses.[\/vc_column_text][\/vc_column][vc_column width=&#8221;1\/2&#8243;][m_image type=&#8221;2&#8243; image=&#8221;11042&#8243;][\/m_image][\/vc_column][\/vc_row][vc_row full_width=&#8221;stretch_row&#8221; ppadding=&#8221;vc_row-padding-both&#8221; gradient_colors=&#8221;%5B%7B%7D%5D&#8221; css=&#8221;.vc_custom_1557546163737{margin-top: 5% !important;padding-top: 2% !important;padding-bottom: 2% !important;background-color: #f7f7f7 !important;}&#8221;][vc_column width=&#8221;1\/4&#8243;][common_amount_box title=&#8221;PA\u00cdSES&#8221; type=&#8221;pixcustom3&#8243; icon_pixcustom3=&#8221;icon-location-pin&#8221; amount=&#8221;75&#8243; css_animation=&#8221;fadeInUp&#8221; animation_settings=&#8221;custom&#8221; wow_delay=&#8221;0.6&#8243; icon_pixsimple=&#8221;icon-user&#8221;][\/vc_column][vc_column width=&#8221;1\/4&#8243;][common_amount_box title=&#8221;COMIT\u00c9S&#8221; type=&#8221;pixcustom3&#8243; icon_pixcustom3=&#8221;icon-people&#8221; amount=&#8221;21&#8243; css_animation=&#8221;fadeInUp&#8221; animation_settings=&#8221;custom&#8221; wow_delay=&#8221;1.2&#8243; icon_pixsimple=&#8221;icon-cup&#8221;][\/vc_column][vc_column width=&#8221;1\/4&#8243;][common_amount_box title=&#8221;EVENTOS&#8221; type=&#8221;pixcustom3&#8243; icon_pixcustom3=&#8221;icon-event&#8221; amount=&#8221;35&#8243; css_animation=&#8221;fadeInUp&#8221; animation_settings=&#8221;custom&#8221; wow_delay=&#8221;0.9&#8243; icon_pixsimple=&#8221;icon-star&#8221;][\/vc_column][vc_column width=&#8221;1\/4&#8243;][common_amount_box title=&#8221;PARTNERSHIPS&#8221; icon_pixcustom1=&#8221;icon_like&#8221; amount=&#8221;10&#8243; css_animation=&#8221;fadeInUp&#8221; animation_settings=&#8221;custom&#8221; wow_delay=&#8221;0.3&#8243; icon_pixsimple=&#8221;icon-diamond&#8221;][\/vc_column][\/vc_row][vc_row ppadding=&#8221;vc_row-padding-both&#8221; gradient_colors=&#8221;%5B%7B%7D%5D&#8221; css=&#8221;.vc_custom_1557546015960{padding-bottom: 2% !important;}&#8221;][vc_column gradient_colors=&#8221;%5B%7B%7D%5D&#8221; css=&#8221;.vc_custom_1557544920168{padding-top: 2% !important;}&#8221;][vc_custom_heading text=&#8221;Executive Council&#8221; font_container=&#8221;tag:h2|font_size:48|text_align:left|color:%23222222&#8243; google_fonts=&#8221;font_family:Raleway%3A100%2C200%2C300%2Cregular%2C500%2C600%2C700%2C800%2C900|font_style:400%20regular%3A400%3Anormal&#8221;][vc_raw_html]JTVCVEVBTV9CJTIwaWQlM0QxMTgyNyU1RA==[\/vc_raw_html][vc_empty_space][vc_row_inner][vc_column_inner][vc_btn title=&#8221;Descarga la lista completa del comit\u00e9 FIDA&#8221; style=&#8221;flat&#8221; shape=&#8221;square&#8221; color=&#8221;info&#8221; size=&#8221;lg&#8221; align=&#8221;center&#8221; link=&#8221;url:..%2Fdownloads%2FFIDA-Officers.pdf||target:%20_blank|&#8221;][\/vc_column_inner][\/vc_row_inner][\/vc_column][\/vc_row][vc_row full_width=&#8221;stretch_row_content&#8221; gradient_colors=&#8221;%5B%7B%7D%5D&#8221; css=&#8221;.vc_custom_1556399727474{background-color: #f7f7f7 !important;}&#8221;][vc_column width=&#8221;1\/4&#8243;][\/vc_column][vc_column width=&#8221;1\/2&#8243; gradient_colors=&#8221;%5B%7B%7D%5D&#8221; css=&#8221;.vc_custom_1560222765051{padding-top: 40px !important;padding-bottom: 40px !important;}&#8221;][vc_custom_heading text=&#8221;Organizaciones afiliadas&#8221; font_container=&#8221;tag:h2|font_size:48|text_align:center|color:%23034ea2|line_height:1.1&#8243; google_fonts=&#8221;font_family:Raleway%3A100%2C200%2C300%2Cregular%2C500%2C600%2C700%2C800%2C900|font_style:700%20bold%20regular%3A700%3Anormal&#8221; css=&#8221;.vc_custom_1593404102526{padding-top: 0px !important;padding-bottom: 10px !important;}&#8221;][vc_custom_heading text=&#8221;Establecido en 75 pa\u00edses de los 5 continentes&#8221; font_container=&#8221;tag:h3|font_size:26|text_align:center|color:%23222222|line_height:1.1&#8243; google_fonts=&#8221;font_family:Raleway%3A100%2C200%2C300%2Cregular%2C500%2C600%2C700%2C800%2C900|font_style:400%20regular%3A400%3Anormal&#8221; css=&#8221;.vc_custom_1593404135940{padding-top: 0px !important;padding-bottom: 0px !important;}&#8221;][\/vc_column][vc_column width=&#8221;1\/4&#8243;][\/vc_column][vc_column][vc_row_inner gradient_colors=&#8221;%5B%7B%7D%5D&#8221; css=&#8221;.vc_custom_1556399785073{padding-right: 20% !important;padding-left: 20% !important;}&#8221;][vc_column_inner][vc_custom_heading text=&#8221;FIDA holds national, regional and international conferences and a triennial convention held in the country of the current president. Presidency is rotated around the five continents of the world.&#8221; font_container=&#8221;tag:p|font_size:20|text_align:center|line_height:1.5&#8243; google_fonts=&#8221;font_family:Raleway%3A100%2C200%2C300%2Cregular%2C500%2C600%2C700%2C800%2C900|font_style:400%20regular%3A400%3Anormal&#8221; css=&#8221;.vc_custom_1557751705014{padding-bottom: 25px !important;}&#8221;][\/vc_column_inner][\/vc_row_inner][\/vc_column][\/vc_row][vc_row full_width=&#8221;stretch_row_content_no_spaces&#8221; content_placement=&#8221;middle&#8221; gradient_colors=&#8221;%5B%7B%7D%5D&#8221;][vc_column gradient_colors=&#8221;%5B%7B%7D%5D&#8221;][vc_gmaps link=&#8221;#E-8_JTNDaWZyYW1lJTIwc3JjJTNEJTIyaHR0cHMlM0ElMkYlMkZ3d3cuZ29vZ2xlLmNvbSUyRm1hcHMlMkZkJTJGZW1iZWQlM0ZtaWQlM0Qxd0JWT25aN2tqdll1QzFZYkdmeFdHOGhtRWpfUzBuekolMjZobCUzRGVzLTQxOSUyMiUyMHdpZHRoJTNEJTIyNjAwJTIyJTIwaGVpZ2h0JTNEJTIyNTUwJTIyJTIwZnJhbWVib3JkZXIlM0QlMjIwJTIyJTIwc3R5bGUlM0QlMjJib3JkZXIlM0EwJTNCbWFyZ2luLXRvcCUzQSUyMC01MnB4JTNCJTIyJTIwYWxsb3dmdWxsc2NyZWVuJTNFJTNDJTJGaWZyYW1lJTNF&#8221;][vc_custom_heading text=&#8221;Members (Affiliated organizations &amp; Individuals) in 75 countries and territories:&#8221; font_container=&#8221;tag:h4|font_size:24|text_align:center|line_height:1.5&#8243; google_fonts=&#8221;font_family:Raleway%3A100%2C200%2C300%2Cregular%2C500%2C600%2C700%2C800%2C900|font_style:400%20regular%3A400%3Anormal&#8221; css=&#8221;.vc_custom_1568993969155{padding-top: 4% !important;}&#8221;][\/vc_column][\/vc_row][vc_row full_width=&#8221;stretch_row&#8221; gap=&#8221;35&#8243; gradient_colors=&#8221;%5B%7B%7D%5D&#8221; css=&#8221;.vc_custom_1560222969236{padding-bottom: 4% !important;}&#8221;][vc_column width=&#8221;1\/2&#8243;][vc_column_text]<strong>Africa:<\/strong> Cameroon, Congo DR, Egypt, Ghana, Kenya, Lesotho,<br \/>\nLiberia, Nigeria, Senegal, Sierra Leone, South Africa, Sudan, Togo, Uganda.<\/p>\n<p><strong>Americas:<\/strong> Argentina, Bahamas, Bermuda, Bolivia, Brazil, Canada, Chile, Colombia, Costa Rica, Dominica, Dominican Rep, Ecuador, Guatemala, Guyana, Honduras, Jamaica, Mexico, Neth Antilles, Panama, Paraguay, Peru, Trinidad-Tobago, Uruguay, USA, Venezuela.[\/vc_column_text][\/vc_column][vc_column width=&#8221;1\/2&#8243;][vc_column_text]<strong>Asia:<\/strong> Bangladesh, Hong Kong SAR, India, Indonesia, Iran Islamic Rep, Israel, Japan, Korea Rep, Lebanon, Malaysia, Pakistan, Philippines, Singapore, Sri Lanka, Taiwan-China, Thailand.<\/p>\n<p><strong>Australia:<\/strong> Australia, New Zealand.<\/p>\n<p><strong>Europe:<\/strong> Belgium, Cyprus, Denmark, Finland, France, Germany, Greece, Ireland, Italy, Luxembourg, Netherlands, Norway, Portugal, Spain, Sweden, Switzerland, Turkey, UK.[\/vc_column_text][\/vc_column][\/vc_row][vc_row full_width=&#8221;stretch_row_content_no_spaces&#8221; content_placement=&#8221;middle&#8221; gradient_colors=&#8221;%5B%7B%7D%5D&#8221; css=&#8221;.vc_custom_1557878904214{padding-top: 5% !important;padding-bottom: 3% !important;background-color: #ff4498 !important;}&#8221;][vc_column width=&#8221;1\/4&#8243; gradient_colors=&#8221;%5B%7B%7D%5D&#8221;][\/vc_column][vc_column width=&#8221;1\/2&#8243;][vc_custom_heading text=&#8221;Join&#8221; font_container=&#8221;tag:h3|font_size:26|text_align:center|color:%23ffffff|line_height:1.1&#8243; google_fonts=&#8221;font_family:Raleway%3A100%2C200%2C300%2Cregular%2C500%2C600%2C700%2C800%2C900|font_style:500%20bold%20regular%3A500%3Anormal&#8221; css=&#8221;.vc_custom_1557878924103{padding-top: 0px !important;padding-bottom: 0px !important;}&#8221;][vc_custom_heading text=&#8221;We are a large and diverse team that contributes to strengthening the fundamental rights that ensure the well-being of millions of children and women around the world.&#8221; font_container=&#8221;tag:p|font_size:20|text_align:center|color:%23ffffff|line_height:1.5&#8243; google_fonts=&#8221;font_family:Raleway%3A100%2C200%2C300%2Cregular%2C500%2C600%2C700%2C800%2C900|font_style:400%20regular%3A400%3Anormal&#8221; css=&#8221;.vc_custom_1557879422703{padding-bottom: 25px !important;}&#8221; link=&#8221;|||&#8221;][vc_btn title=&#8221;I want to join FIDA&#8221; style=&#8221;flat&#8221; shape=&#8221;square&#8221; color=&#8221;black&#8221; align=&#8221;center&#8221; link=&#8221;url:https%3A%2F%2Ffidafederation.org%2Fes%2Fabout-us%2Fmembership%2F|title:Membership||&#8221;][\/vc_column][vc_column width=&#8221;1\/4&#8243; gradient_colors=&#8221;%5B%7B%7D%5D&#8221;][\/vc_column][\/vc_row]<\/p>\n<\/div>","protected":false},"excerpt":{"rendered":"<p>[vc_row content_placement=&#8221;top&#8221; gradient_colors=&#8221;%5B%7B%7D%5D&#8221;][vc_column width=&#8221;1\/2&#8243; gradient_colors=&#8221;%5B%7B%7D%5D&#8221; css=&#8221;.vc_custom_1488750525232{padding-right: 60px !important;}&#8221;][vc_custom_heading text=&#8221;\u00bfQui\u00e9nes somos?&#8221; font_container=&#8221;tag:h2|font_size:48|text_align:left|color:%23034ea2|line_height:1.1&#8243; google_fonts=&#8221;font_family:Raleway%3A100%2C200%2C300%2Cregular%2C500%2C600%2C700%2C800%2C900|font_style:700%20bold%20regular%3A700%3Anormal&#8221; css=&#8221;.vc_custom_1593403147710{padding-top: 0px !important;padding-bottom: 0px !important;}&#8221; el_class=&#8221;decor-right&#8221;][vc_custom_heading text=&#8221;FIDA es una Organizaci\u00f3n No Gubernamental (ONG) internacional con estatus consultivo en el Consejo Econ\u00f3mico y Social de las Naciones Unidas (ECOSOC).&#8221; font_container=&#8221;tag:p|font_size:18|text_align:left|color:%23222222|line_height:1.9&#8243; google_fonts=&#8221;font_family:Merriweather%3A300%2C300italic%2Cregular%2Citalic%2C700%2C700italic%2C900%2C900italic|font_style:300%20light%20italic%3A300%3Aitalic&#8221; css=&#8221;.vc_custom_1593403195176{padding-top: 30px !important;padding-bottom: 0px !important;}&#8221;][vc_column_text]Constituido en 1944 en la Ciudad de M\u00e9xico, el [&hellip;]<\/p>\n","protected":false},"author":1,"featured_media":0,"parent":0,"menu_order":0,"comment_status":"closed","ping_status":"closed","template":"","meta":{"footnotes":""},"class_list":["post-9964","page","type-page","status-publish","hentry"],"_links":{"self":[{"href":"https:\/\/fidafederation.org\/es\/wp-json\/wp\/v2\/pages\/9964","targetHints":{"allow":["GET"]}}],"collection":[{"href":"https:\/\/fidafederation.org\/es\/wp-json\/wp\/v2\/pages"}],"about":[{"href":"https:\/\/fidafederation.org\/es\/wp-json\/wp\/v2\/types\/page"}],"author":[{"embeddable":true,"href":"https:\/\/fidafederation.org\/es\/wp-json\/wp\/v2\/users\/1"}],"replies":[{"embeddable":true,"href":"https:\/\/fidafederation.org\/es\/wp-json\/wp\/v2\/comments?post=9964"}],"version-history":[{"count":151,"href":"https:\/\/fidafederation.org\/es\/wp-json\/wp\/v2\/pages\/9964\/revisions"}],"predecessor-version":[{"id":11980,"href":"https:\/\/fidafederation.org\/es\/wp-json\/wp\/v2\/pages\/9964\/revisions\/11980"}],"wp:attachment":[{"href":"https:\/\/fidafederation.org\/es\/wp-json\/wp\/v2\/media?parent=9964"}],"curies":[{"name":"wp","href":"https:\/\/api.w.org\/{rel}","templated":true}]}}