{"id":9406,"date":"2017-02-26T00:03:56","date_gmt":"2017-02-26T00:03:56","guid":{"rendered":"http:\/\/moresa.templines.org\/?page_id=9406"},"modified":"2026-03-08T00:15:51","modified_gmt":"2026-03-08T03:15:51","slug":"home","status":"publish","type":"page","link":"https:\/\/fidafederation.org\/es\/","title":{"rendered":"Inicio"},"content":{"rendered":"<div class=\"wpb-content-wrapper\"><p>[vc_row full_width=&#8221;stretch_row_content_no_spaces&#8221; full_height=&#8221;yes&#8221; equal_height=&#8221;yes&#8221; gradient_colors=&#8221;%5B%7B%7D%5D&#8221;][vc_column]<link href=\"https:\/\/fonts.googleapis.com\/css?family=Raleway:400%2C700%7COpen+Sans:600\" rel=\"stylesheet\" property=\"stylesheet\" type=\"text\/css\" media=\"all\">\n<div id=\"rev_slider_4_1_wrapper\" class=\"rev_slider_wrapper fullscreen-container\" data-source=\"gallery\" style=\"background:transparent;padding:0px;\">\n<!-- START REVOLUTION SLIDER 5.4.8.2 fullscreen mode -->\n\t<div id=\"rev_slider_4_1\" class=\"rev_slider fullscreenbanner\" style=\"display:none;\" data-version=\"5.4.8.2\">\n<ul>\t<!-- SLIDE  -->\n\t<li data-index=\"rs-4\" data-transition=\"fade\" data-slotamount=\"default\" data-hideafterloop=\"0\" data-hideslideonmobile=\"off\"  data-easein=\"default\" data-easeout=\"default\" data-masterspeed=\"300\"  data-rotate=\"0\"  data-saveperformance=\"off\"  data-title=\"Slide\" data-param1=\"\" data-param2=\"\" data-param3=\"\" data-param4=\"\" data-param5=\"\" data-param6=\"\" data-param7=\"\" data-param8=\"\" data-param9=\"\" data-param10=\"\" data-description=\"\">\n\t\t<!-- MAIN IMAGE -->\n\t\t<img loading=\"lazy\" decoding=\"async\" src=\"https:\/\/fidafederation.org\/es\/wp-content\/uploads\/2019\/05\/portada-1.jpg\"  alt=\"\" title=\"portada-1\"  width=\"1920\" height=\"900\" data-bgposition=\"center center\" data-bgfit=\"cover\" data-bgrepeat=\"no-repeat\" data-bgparallax=\"off\" class=\"rev-slidebg\" data-no-retina>\n\t\t<!-- LAYERS -->\n\n\t\t<!-- LAYER NR. 1 -->\n\t\t<div class=\"tp-caption   tp-resizeme rs-parallaxlevel-1\" \n\t\t\t id=\"slide-4-layer-7\" \n\t\t\t data-x=\"['center','center','center','center']\" data-hoffset=\"['0','0','-978','-1003']\" \n\t\t\t data-y=\"['top','top','top','top']\" data-voffset=\"['273','241','595','302']\" \n\t\t\t\t\t\tdata-width=\"none\"\n\t\t\tdata-height=\"none\"\n\t\t\tdata-whitespace=\"nowrap\"\n\t\t\tdata-visibility=\"['on','on','off','off']\"\n \n\t\t\tdata-type=\"image\" \n\t\t\tdata-responsive_offset=\"on\" \n\n\t\t\tdata-frames='[{\"delay\":1710,\"speed\":300,\"frame\":\"0\",\"from\":\"opacity:0;\",\"to\":\"o:1;\",\"ease\":\"Power3.easeInOut\"},{\"delay\":\"wait\",\"speed\":300,\"frame\":\"999\",\"to\":\"opacity:0;\",\"ease\":\"Power3.easeInOut\"}]'\n\t\t\tdata-textAlign=\"['inherit','inherit','inherit','inherit']\"\n\t\t\tdata-paddingtop=\"[0,0,0,0]\"\n\t\t\tdata-paddingright=\"[0,0,0,0]\"\n\t\t\tdata-paddingbottom=\"[0,0,0,0]\"\n\t\t\tdata-paddingleft=\"[0,0,0,0]\"\n\n\t\t\tstyle=\"z-index: 5;\"><img decoding=\"async\" src=\"https:\/\/piolainteractive.com\/fidaorg\/wp-content\/uploads\/revslider\/moresa2\/frame600.png\" alt=\"\" data-ww=\"['600px','600px','600px','600px']\" data-hh=\"['300px','300px','300px','300px']\" data-no-retina> <\/div>\n\n\t\t<!-- LAYER NR. 2 -->\n\t\t<div class=\"tp-caption   tp-resizeme rs-parallaxlevel-1\" \n\t\t\t id=\"slide-4-layer-1\" \n\t\t\t data-x=\"['center','center','center','center']\" data-hoffset=\"['0','-2','-2','-1']\" \n\t\t\t data-y=\"['middle','middle','middle','middle']\" data-voffset=\"['-83','-72','-72','-21']\" \n\t\t\t\t\t\tdata-fontsize=\"['40','50','50','30']\"\n\t\t\tdata-lineheight=\"['50','50','50','30']\"\n\t\t\tdata-width=\"none\"\n\t\t\tdata-height=\"none\"\n\t\t\tdata-whitespace=\"nowrap\"\n \n\t\t\tdata-type=\"text\" \n\t\t\tdata-responsive_offset=\"on\" \n\n\t\t\tdata-frames='[{\"delay\":2020,\"speed\":480,\"frame\":\"0\",\"from\":\"opacity:0;\",\"to\":\"o:1;\",\"ease\":\"Power3.easeInOut\"},{\"delay\":\"wait\",\"speed\":300,\"frame\":\"999\",\"to\":\"opacity:0;\",\"ease\":\"Power3.easeInOut\"}]'\n\t\t\tdata-textAlign=\"['inherit','inherit','inherit','inherit']\"\n\t\t\tdata-paddingtop=\"[0,0,0,0]\"\n\t\t\tdata-paddingright=\"[0,0,0,0]\"\n\t\t\tdata-paddingbottom=\"[0,0,0,0]\"\n\t\t\tdata-paddingleft=\"[0,0,0,0]\"\n\n\t\t\tstyle=\"z-index: 6; white-space: nowrap; font-size: 40px; line-height: 50px; font-weight: 400; color: #ffffff; letter-spacing: 0px;font-family:Raleway;\">Organizing Women Lawyers <\/div>\n\n\t\t<!-- LAYER NR. 3 -->\n\t\t<div class=\"tp-caption   tp-resizeme rs-parallaxlevel-1\" \n\t\t\t id=\"slide-4-layer-2\" \n\t\t\t data-x=\"['center','center','center','center']\" data-hoffset=\"['0','2','2','-1']\" \n\t\t\t data-y=\"['middle','middle','middle','middle']\" data-voffset=\"['-2','12','12','34']\" \n\t\t\t\t\t\tdata-fontsize=\"['70','70','70','40']\"\n\t\t\tdata-lineheight=\"['70','70','70','40']\"\n\t\t\tdata-width=\"none\"\n\t\t\tdata-height=\"none\"\n\t\t\tdata-whitespace=\"nowrap\"\n \n\t\t\tdata-type=\"text\" \n\t\t\tdata-responsive_offset=\"on\" \n\n\t\t\tdata-frames='[{\"delay\":2070,\"speed\":300,\"frame\":\"0\",\"from\":\"opacity:0;\",\"to\":\"o:1;\",\"ease\":\"Power3.easeInOut\"},{\"delay\":\"wait\",\"speed\":300,\"frame\":\"999\",\"to\":\"opacity:0;\",\"ease\":\"Power3.easeInOut\"}]'\n\t\t\tdata-textAlign=\"['inherit','inherit','inherit','inherit']\"\n\t\t\tdata-paddingtop=\"[0,0,0,0]\"\n\t\t\tdata-paddingright=\"[0,0,0,0]\"\n\t\t\tdata-paddingbottom=\"[0,0,0,0]\"\n\t\t\tdata-paddingleft=\"[0,0,0,0]\"\n\n\t\t\tstyle=\"z-index: 7; white-space: nowrap; font-size: 70px; line-height: 70px; font-weight: 700; color: #ffffff; letter-spacing: 0px;font-family:Raleway;\">Worldwide <\/div>\n\n\t\t<!-- LAYER NR. 4 -->\n\t\t<a class=\"tp-caption rev-btn rev-withicon  rs-parallaxlevel-1\" \n href=\"#welcome\" target=\"_self\"\t\t\t id=\"slide-4-layer-4\" \n\t\t\t data-x=\"['center','center','center','center']\" data-hoffset=\"['-4','-2','0','0']\" \n\t\t\t data-y=\"['top','top','top','top']\" data-voffset=\"['488','448','542','432']\" \n\t\t\t\t\t\tdata-width=\"none\"\n\t\t\tdata-height=\"none\"\n\t\t\tdata-whitespace=\"nowrap\"\n \n\t\t\tdata-type=\"button\" \n\t\t\tdata-actions=''\n\t\t\tdata-responsive_offset=\"on\" \n\t\t\tdata-responsive=\"off\"\n\t\t\tdata-frames='[{\"delay\":2130,\"speed\":300,\"frame\":\"0\",\"from\":\"y:50px;opacity:0;\",\"to\":\"o:1;\",\"ease\":\"Power3.easeInOut\"},{\"delay\":\"wait\",\"speed\":300,\"frame\":\"999\",\"to\":\"opacity:0;\",\"ease\":\"Power3.easeInOut\"},{\"frame\":\"hover\",\"speed\":\"0\",\"ease\":\"Linear.easeNone\",\"to\":\"o:1;rX:0;rY:0;rZ:0;z:0;\",\"style\":\"c:rgba(255,255,255,1);bs:solid;bw:0 0 0 0;\"}]'\n\t\t\tdata-textAlign=\"['inherit','inherit','inherit','inherit']\"\n\t\t\tdata-paddingtop=\"[12,12,12,12]\"\n\t\t\tdata-paddingright=\"[20,20,20,20]\"\n\t\t\tdata-paddingbottom=\"[12,12,12,12]\"\n\t\t\tdata-paddingleft=\"[20,20,20,20]\"\n\n\t\t\tstyle=\"z-index: 8; white-space: nowrap; font-size: 17px; line-height: 17px; font-weight: 600; color: rgba(255,255,255,1); letter-spacing: px;font-family:Open Sans;background-color:rgba(0,0,0,0);border-color:rgb(0,0,0);outline:none;box-shadow:none;box-sizing:border-box;-moz-box-sizing:border-box;-webkit-box-sizing:border-box;cursor:pointer;text-decoration: none;\">READ MORE <i class=\"fa-icon-chevron-right\"><\/i> <\/a>\n\t<\/li>\n<\/ul>\n<div class=\"tp-bannertimer tp-bottom\" style=\"visibility: hidden !important;\"><\/div>\t<\/div>\n<script>var htmlDiv = document.getElementById(\"rs-plugin-settings-inline-css\"); var htmlDivCss=\"\";\r\n\t\t\t\tif(htmlDiv) {\r\n\t\t\t\t\thtmlDiv.innerHTML = htmlDiv.innerHTML + htmlDivCss;\r\n\t\t\t\t}else{\r\n\t\t\t\t\tvar htmlDiv = document.createElement(\"div\");\r\n\t\t\t\t\thtmlDiv.innerHTML = \"<style>\" + htmlDivCss + \"<\/style>\";\r\n\t\t\t\t\tdocument.getElementsByTagName(\"head\")[0].appendChild(htmlDiv.childNodes[0]);\r\n\t\t\t\t}\r\n\t\t\t<\/script>\n\t\t<script type=\"text\/javascript\">\r\nif (setREVStartSize!==undefined) setREVStartSize(\r\n\t{c: '#rev_slider_4_1', responsiveLevels: [1240,1024,778,480], gridwidth: [1240,1024,778,480], gridheight: [868,768,960,720], sliderLayout: 'fullscreen', fullScreenAutoWidth:'off', fullScreenAlignForce:'off', fullScreenOffsetContainer:'', fullScreenOffset:''});\r\n\t\t\t\r\nvar revapi4,\r\n\ttpj;\t\r\n(function() {\t\t\t\r\n\tif (!\/loaded|interactive|complete\/.test(document.readyState)) document.addEventListener(\"DOMContentLoaded\",onLoad); else onLoad();\t\r\n\tfunction onLoad() {\t\t\t\t\r\n\t\tif (tpj===undefined) { tpj = jQuery; if(\"off\" == \"on\") tpj.noConflict();}\r\n\tif(tpj(\"#rev_slider_4_1\").revolution == undefined){\n\t\trevslider_showDoubleJqueryError(\"#rev_slider_4_1\");\n\t}else{\n\t\trevapi4 = tpj(\"#rev_slider_4_1\").show().revolution({\n\t\t\tsliderType:\"standard\",\n\t\t\tjsFileLocation:\"\/\/fidafederation.org\/es\/wp-content\/plugins\/revslider\/public\/assets\/js\/\",\n\t\t\tsliderLayout:\"fullscreen\",\n\t\t\tdottedOverlay:\"none\",\n\t\t\tdelay:9000,\n\t\t\tnavigation: {\n\t\t\t\tonHoverStop:\"off\",\n\t\t\t},\n\t\t\tresponsiveLevels:[1240,1024,778,480],\n\t\t\tvisibilityLevels:[1240,1024,778,480],\n\t\t\tgridwidth:[1240,1024,778,480],\n\t\t\tgridheight:[868,768,960,720],\n\t\t\tlazyType:\"none\",\n\t\t\tparallax: {\n\t\t\t\ttype:\"mouse\",\n\t\t\t\torigo:\"enterpoint\",\n\t\t\t\tspeed:400,\n\t\t\t\tspeedbg:0,\n\t\t\t\tspeedls:0,\n\t\t\t\tlevels:[5,10,15,20,25,30,35,40,45,46,47,48,49,50,51,55],\n\t\t\t},\n\t\t\tshadow:0,\n\t\t\tspinner:\"spinner0\",\n\t\t\tstopLoop:\"off\",\n\t\t\tstopAfterLoops:-1,\n\t\t\tstopAtSlide:-1,\n\t\t\tshuffle:\"off\",\n\t\t\tautoHeight:\"off\",\n\t\t\tfullScreenAutoWidth:\"off\",\n\t\t\tfullScreenAlignForce:\"off\",\n\t\t\tfullScreenOffsetContainer: \"\",\n\t\t\tfullScreenOffset: \"\",\n\t\t\tdisableProgressBar:\"on\",\n\t\t\thideThumbsOnMobile:\"off\",\n\t\t\thideSliderAtLimit:0,\n\t\t\thideCaptionAtLimit:0,\n\t\t\thideAllCaptionAtLilmit:0,\n\t\t\tdebugMode:false,\n\t\t\tfallbacks: {\n\t\t\t\tsimplifyAll:\"off\",\n\t\t\t\tnextSlideOnWindowFocus:\"off\",\n\t\t\t\tdisableFocusListener:false,\n\t\t\t}\n\t\t});\n\t}; \/* END OF revapi call *\/\n\t\n                RsSegmenteffectAddOn(tpj, revapi4);\n\n }; \/* END OF ON LOAD FUNCTION *\/\r\n}()); \/* END OF WRAPPING FUNCTION *\/\r\n<\/script>\r\n\t\t<\/div><!-- END REVOLUTION SLIDER -->[\/vc_column][\/vc_row][vc_row ppadding=&#8221;vc_row-padding-top&#8221; gradient_colors=&#8221;%5B%7B%7D%5D&#8221; poverlay=&#8221;no-overlay&#8221; row_title=&#8221;1&#8243; title_animate=&#8221;rotateInDownLeft&#8221; css=&#8221;.vc_custom_1557452397218{padding-bottom: 65px !important;}&#8221; title=&#8221;ABOUT&#8221; subtitle=&#8221;FIDA&#8221; num=&#8221;01&#8243; el_id=&#8221;welcome&#8221;][vc_column width=&#8221;1\/2&#8243;][vc_row_inner][vc_column_inner css=&#8221;.vc_custom_1488471407874{padding-right: 70px !important;}&#8221;][m_about_box cut_corner_2=&#8221;left-bottom&#8221; image1=&#8221;9321&#8243; image2=&#8221;9323&#8243; title1=&#8221;Promovemos el bienestar de&#8221; title2=&#8221;la Mujer y la Ni\u00f1ez&#8221; quote=&#8221;La Federaci\u00f3n Internacional de Abogadas (FIDA),es una ONG. Estamos involucrados en la promoci\u00f3n, protecci\u00f3n y preservaci\u00f3n de los derechos de las mujeres y los ni\u00f1os. Estos incluyen sus derechos civiles, pol\u00edticos, econ\u00f3micos, sociales y culturales.&#8221;]Nuestro objetivo es organizar a las mujeres abogadas a nivel nacional, regional e internacional, promoviendo el estudio del derecho comparado y fomentando las oportunidades disponibles para las mujeres.<\/p>\n<p>Con estatus consultivo en el Consejo Econ\u00f3mico y Social de las Naciones Unidas (ECOSOC) desde 1954, creamos espacios para trabajar en red con otras ONGs y cooperar con organizaciones gubernamentales.[\/m_about_box][vc_btn title=&#8221;Nuestros fundadoras, los inicios y c\u00f3mo hemos crecido con el tiempo.&#8221; style=&#8221;flat&#8221; shape=&#8221;square&#8221; color=&#8221;info&#8221; align=&#8221;left&#8221; i_icon_fontawesome=&#8221;fa fa-globe&#8221; add_icon=&#8221;true&#8221; link=&#8221;url:https%3A%2F%2Ffidafederation.org%2Fes%2Fabout-us%2F|title:About%20us||&#8221;][vc_btn title=&#8221;Lea nuestro newsletter&#8221; link=&#8221;url:https%3A%2F%2Ffidafederation.org%2Fes%2Fwp-content%2Fuploads%2F2020%2F04%2FLa-ABOGADA-MARCH_APRIL-2020_compressed.pdf|title:La%20Abogada-mar-apr-2020|target:%20_blank|&#8221;][\/vc_column_inner][\/vc_row_inner][\/vc_column][vc_column width=&#8221;1\/2&#8243;][vc_row_inner css_animation=&#8221;none&#8221; gradient_colors=&#8221;%5B%7B%7D%5D&#8221;][vc_column_inner][m_image type=&#8221;2&#8243; css_animation=&#8221;bounce&#8221; image=&#8221;11452&#8243;][\/m_image][\/vc_column_inner][\/vc_row_inner][\/vc_column][\/vc_row][vc_row][vc_column gradient_colors=&#8221;%5B%7B%7D%5D&#8221; css=&#8221;.vc_custom_1557522096139{padding-bottom: 2px !important;}&#8221;][vc_single_image image=&#8221;12382&#8243; img_size=&#8221;1920 \u00d7 900&#8243; alignment=&#8221;center&#8221; onclick=&#8221;custom_link&#8221; css=&#8221;&#8221; link=&#8221;https:\/\/fidafederation.org\/es\/declaracion-de-fida-por-el-dia-internacional-de-la-mujer-2026\/&#8221;][vc_separator css=&#8221;&#8221;][vc_btn title=&#8221;Ver m\u00e1s&#8221; color=&#8221;violet&#8221; align=&#8221;center&#8221; i_icon_fontawesome=&#8221;fas fa-hand-pointer&#8221; css=&#8221;&#8221; add_icon=&#8221;true&#8221; link=&#8221;url:https%3A%2F%2Ffidafederation.org%2Fes%2Fdeclaracion-de-fida-por-el-dia-internacional-de-la-mujer-2026%2F|title:Declaraci%C3%B3n%20de%20FIDA%20por%20el%20D%C3%ADa%20Internacional%20de%20la%20Mujer%202026&#8243;][\/vc_column][\/vc_row][vc_row][vc_column gradient_colors=&#8221;%5B%7B%7D%5D&#8221; css=&#8221;.vc_custom_1557522096139{padding-bottom: 2px !important;}&#8221;][vc_custom_heading text=&#8221;Buscamos realizar nuestros objetivos principalmente a trav\u00e9s de 3 v\u00edas:&#8221; font_container=&#8221;tag:h2|font_size:36|text_align:center|color:%23222222&#8243; google_fonts=&#8221;font_family:Raleway%3A100%2C200%2C300%2Cregular%2C500%2C600%2C700%2C800%2C900|font_style:400%20regular%3A400%3Anormal&#8221;][\/vc_column][\/vc_row][vc_row full_width=&#8221;stretch_row_content&#8221; gradient_colors=&#8221;%5B%7B%7D%5D&#8221;][vc_column width=&#8221;1\/3&#8243; gradient_colors=&#8221;%5B%7B%7D%5D&#8221; css=&#8221;.vc_custom_1488667557504{padding-top: 70px !important;padding-bottom: 15px !important;background-color: #f6f6f8 !important;}&#8221;][m_feature_info type=&#8221;pixcustom3&#8243; icon_pixcustom3=&#8221;icon-check&#8221; css_animation=&#8221;fadeInUp&#8221; animation_settings=&#8221;custom&#8221; wow_delay=&#8221;0.3&#8243; icon_pixsimple=&#8221;icon-settings&#8221; icon_pixflaticon=&#8221;flaticon-settings&#8221; image=&#8221;9327&#8243; title=&#8221;Nuestro trabajo en las Naciones Unidas&#8221;]FIDA tiene el privilegio y el derecho de asistir a las reuniones del ECOSOC y de algunas de sus comisiones funcionales y especiales; participamos en su trabajo dando a conocer nuestra posici\u00f3n sobre diversos temas a trav\u00e9s de intervenciones orales y declaraciones escritas hechas en esas reuniones.[\/m_feature_info][\/vc_column][vc_column width=&#8221;1\/3&#8243; gradient_colors=&#8221;%5B%7B%7D%5D&#8221; css=&#8221;.vc_custom_1488667615799{padding-top: 70px !important;padding-bottom: 15px !important;background-color: #f9f9fa !important;}&#8221;][m_feature_info type=&#8221;pixcustom3&#8243; icon_pixcustom3=&#8221;icon-bubbles&#8221; css_animation=&#8221;fadeInUp&#8221; animation_settings=&#8221;custom&#8221; wow_delay=&#8221;0.6&#8243; icon_pixsimple=&#8221;icon-layers&#8221; image=&#8221;9423&#8243; title=&#8221;Convenciones Internacionales de FIDA&#8221;]Estas convenciones nos dan la oportunidad de conocer personalmente a miembros de diferentes regiones y culturas, hacer un estudio comparativo de alguna fase particular de la ley, redactar documentos y, tras el debate, llegar a conclusiones de consenso, plasmadas en resoluciones.[\/m_feature_info][\/vc_column][vc_column width=&#8221;1\/3&#8243; gradient_colors=&#8221;%5B%7B%7D%5D&#8221; css=&#8221;.vc_custom_1488667623743{padding-top: 70px !important;padding-bottom: 15px !important;background-color: #f6f6f8 !important;}&#8221;][m_feature_info type=&#8221;pixcustom3&#8243; icon_pixcustom3=&#8221;icon-layers&#8221; css_animation=&#8221;fadeInUp&#8221; animation_settings=&#8221;custom&#8221; wow_delay=&#8221;0.9&#8243; icon_pixsimple=&#8221;icon-screen-desktop&#8221; image=&#8221;9424&#8243; title=&#8221;Nuestras Publlicaciones&#8221;]Con el prop\u00f3sito de mantener abiertas las l\u00edneas de comunicaci\u00f3n con nuestros miembros y mantenerlos informados sobre nuestro trabajo y resultados, publicamos el Bolet\u00edn de la Abogada, la revista de la convenci\u00f3n La Abogada Internacional y documentos preparados por miembros individuales o comit\u00e9s que se leen en varios eventos de la Federaci\u00f3n.[\/m_feature_info][\/vc_column][\/vc_row][vc_row full_width=&#8221;stretch_row&#8221; ppadding=&#8221;vc_row-padding-both&#8221; gradient_colors=&#8221;%5B%7B%7D%5D&#8221; row_title=&#8221;1&#8243; title_animate=&#8221;fadeIn&#8221; title=&#8221;NEWS&#8221; subtitle=&#8221;FIDA&#8221; num=&#8221;03&#8243;][vc_column][m_posts_block type=&#8221;1&#8243; showposts=&#8221;6&#8243;][\/vc_column][\/vc_row][vc_row full_width=&#8221;stretch_row_content_no_spaces&#8221; equal_height=&#8221;yes&#8221; content_placement=&#8221;middle&#8221; gradient_colors=&#8221;%5B%7B%7D%5D&#8221; css=&#8221;.vc_custom_1557546996909{background-color: #f6f6f8 !important;}&#8221;][vc_column css_animation=&#8221;fadeInLeft&#8221; width=&#8221;1\/2&#8243; ptextcolor=&#8221;White&#8221; gradient_colors=&#8221;%5B%7B%7D%5D&#8221; css=&#8221;.vc_custom_1557718208102{padding-top: 50px !important;padding-right: 10% !important;padding-bottom: 10px !important;padding-left: 10% !important;background-color: #ff4498 !important;}&#8221;][m_feature_info icon_pixcustom1=&#8221;icon_star_alt&#8221; icon_pixsimple=&#8221;icon-speech&#8221; image=&#8221;9480&#8243; title=&#8221;CONVERTIRSE EN MIEMBRO&#8221;]<\/p>\n<h4>Como miembro, se conectar\u00e1 con su pasi\u00f3n por marcar la diferencia en su pa\u00eds y en el mundo en la promoci\u00f3n, protecci\u00f3n y preservaci\u00f3n de los derechos de las mujeres y los ni\u00f1os.<\/h4>\n<p>[\/m_feature_info][vc_btn title=&#8221;\u00daNETE A FIDA&#8221; style=&#8221;flat&#8221; shape=&#8221;square&#8221; color=&#8221;black&#8221; align=&#8221;center&#8221; link=&#8221;url:https%3A%2F%2Ffidafederation.org%2Fes%2Fabout-us%2Fmembership%2F|title:Membership||&#8221;][\/vc_column][vc_column width=&#8221;1\/2&#8243; gradient_colors=&#8221;%5B%7B%7D%5D&#8221; css=&#8221;.vc_custom_1489599663439{padding-top: 80px !important;padding-bottom: 70px !important;}&#8221;][m_feature_info icon_pixcustom1=&#8221;icon_calendar&#8221; icon_pixsimple=&#8221;icon-speech&#8221; image=&#8221;9480&#8243; title=&#8221;REUNIONES Y EVENTOS&#8221;]<\/p>\n<h4>FIDA es una oportunidad para establecer contactos y asociaciones con abogadas.<\/h4>\n<p>[\/m_feature_info][vc_btn title=&#8221;INSCR\u00cdBASE&#8221; style=&#8221;flat&#8221; shape=&#8221;square&#8221; color=&#8221;blue&#8221; align=&#8221;center&#8221; css_animation=&#8221;none&#8221; link=&#8221;url:https%3A%2F%2Ffidafederation.org%2Fes%2Fabout-us%2Fmembership%2F|title:Membership||&#8221;][\/vc_column][\/vc_row]<\/p>\n<\/div>","protected":false},"excerpt":{"rendered":"<p>[vc_row full_width=&#8221;stretch_row_content_no_spaces&#8221; full_height=&#8221;yes&#8221; equal_height=&#8221;yes&#8221; gradient_colors=&#8221;%5B%7B%7D%5D&#8221;][vc_column][\/vc_column][\/vc_row][vc_row ppadding=&#8221;vc_row-padding-top&#8221; gradient_colors=&#8221;%5B%7B%7D%5D&#8221; poverlay=&#8221;no-overlay&#8221; row_title=&#8221;1&#8243; title_animate=&#8221;rotateInDownLeft&#8221; css=&#8221;.vc_custom_1557452397218{padding-bottom: 65px !important;}&#8221; title=&#8221;ABOUT&#8221; subtitle=&#8221;FIDA&#8221; num=&#8221;01&#8243; el_id=&#8221;welcome&#8221;][vc_column width=&#8221;1\/2&#8243;][vc_row_inner][vc_column_inner css=&#8221;.vc_custom_1488471407874{padding-right: 70px !important;}&#8221;][m_about_box cut_corner_2=&#8221;left-bottom&#8221; image1=&#8221;9321&#8243; image2=&#8221;9323&#8243; title1=&#8221;Promovemos el bienestar de&#8221; title2=&#8221;la Mujer y la Ni\u00f1ez&#8221; quote=&#8221;La Federaci\u00f3n Internacional de Abogadas (FIDA),es una ONG. Estamos involucrados en la promoci\u00f3n, protecci\u00f3n y preservaci\u00f3n de los derechos de las mujeres [&hellip;]<\/p>\n","protected":false},"author":1,"featured_media":0,"parent":0,"menu_order":0,"comment_status":"closed","ping_status":"closed","template":"page-home.php","meta":{"footnotes":""},"class_list":["post-9406","page","type-page","status-publish","hentry"],"_links":{"self":[{"href":"https:\/\/fidafederation.org\/es\/wp-json\/wp\/v2\/pages\/9406","targetHints":{"allow":["GET"]}}],"collection":[{"href":"https:\/\/fidafederation.org\/es\/wp-json\/wp\/v2\/pages"}],"about":[{"href":"https:\/\/fidafederation.org\/es\/wp-json\/wp\/v2\/types\/page"}],"author":[{"embeddable":true,"href":"https:\/\/fidafederation.org\/es\/wp-json\/wp\/v2\/users\/1"}],"replies":[{"embeddable":true,"href":"https:\/\/fidafederation.org\/es\/wp-json\/wp\/v2\/comments?post=9406"}],"version-history":[{"count":162,"href":"https:\/\/fidafederation.org\/es\/wp-json\/wp\/v2\/pages\/9406\/revisions"}],"predecessor-version":[{"id":12388,"href":"https:\/\/fidafederation.org\/es\/wp-json\/wp\/v2\/pages\/9406\/revisions\/12388"}],"wp:attachment":[{"href":"https:\/\/fidafederation.org\/es\/wp-json\/wp\/v2\/media?parent=9406"}],"curies":[{"name":"wp","href":"https:\/\/api.w.org\/{rel}","templated":true}]}}