{"id":11505,"date":"2019-05-12T20:12:22","date_gmt":"2019-05-12T23:12:22","guid":{"rendered":"http:\/\/piolainteractive.com\/fidaorg\/?page_id=11505"},"modified":"2020-08-12T17:05:26","modified_gmt":"2020-08-12T20:05:26","slug":"publicaciones","status":"publish","type":"page","link":"https:\/\/fidafederation.org\/es\/lo-que-hacemos\/publicaciones\/","title":{"rendered":"Publicaciones"},"content":{"rendered":"<div class=\"wpb-content-wrapper\"><p>[vc_row][vc_column][vc_custom_heading text=&#8221;Publicaciones&#8221; font_container=&#8221;tag:h3|text_align:left&#8221; use_theme_fonts=&#8221;yes&#8221;][vc_column_text]Bolet\u00edn de La Abogada (4 al a\u00f1o) en espa\u00f1ol\/ingl\u00e9s &#8211; s\u00f3lo para miembros; La Abogada Internacional (cada 2 a\u00f1os) en ingl\u00e9s, franc\u00e9s, espa\u00f1ol.[\/vc_column_text][vc_custom_heading text=&#8221;La Abagoda Newsletter&#8221; font_container=&#8221;tag:h4|text_align:left&#8221; use_theme_fonts=&#8221;yes&#8221;][\/vc_column][\/vc_row][vc_row][vc_column width=&#8221;1\/3&#8243;][vc_btn title=&#8221;La Abogada &#8211; Nov-2019&#8243; style=&#8221;classic&#8221; color=&#8221;primary&#8221; link=&#8221;url:https%3A%2F%2Ffidafederation.org%2Fen%2Fwp-content%2Fuploads%2F2020%2F08%2FLa-Abogbada-_nov_2019.pdf||target:%20_blank|&#8221;][\/vc_column][vc_column width=&#8221;1\/3&#8243;][\/vc_column][vc_column width=&#8221;1\/3&#8243;][\/vc_column][\/vc_row]<\/p>\n<\/div>","protected":false},"excerpt":{"rendered":"<p>[vc_row][vc_column][vc_custom_heading text=&#8221;Publicaciones&#8221; font_container=&#8221;tag:h3|text_align:left&#8221; use_theme_fonts=&#8221;yes&#8221;][vc_column_text]Bolet\u00edn de La Abogada (4 al a\u00f1o) en espa\u00f1ol\/ingl\u00e9s &#8211; s\u00f3lo para miembros; La Abogada Internacional (cada 2 a\u00f1os) en ingl\u00e9s, franc\u00e9s, espa\u00f1ol.[\/vc_column_text][vc_custom_heading text=&#8221;La Abagoda Newsletter&#8221; font_container=&#8221;tag:h4|text_align:left&#8221; use_theme_fonts=&#8221;yes&#8221;][\/vc_column][\/vc_row][vc_row][vc_column width=&#8221;1\/3&#8243;][vc_btn title=&#8221;La Abogada &#8211; Nov-2019&#8243; style=&#8221;classic&#8221; color=&#8221;primary&#8221; link=&#8221;url:https%3A%2F%2Ffidafederation.org%2Fen%2Fwp-content%2Fuploads%2F2020%2F08%2FLa-Abogbada-_nov_2019.pdf||target:%20_blank|&#8221;][\/vc_column][vc_column width=&#8221;1\/3&#8243;][\/vc_column][vc_column width=&#8221;1\/3&#8243;][\/vc_column][\/vc_row]<\/p>\n","protected":false},"author":1,"featured_media":0,"parent":10994,"menu_order":0,"comment_status":"closed","ping_status":"closed","template":"","meta":{"footnotes":""},"class_list":["post-11505","page","type-page","status-publish","hentry"],"_links":{"self":[{"href":"https:\/\/fidafederation.org\/es\/wp-json\/wp\/v2\/pages\/11505","targetHints":{"allow":["GET"]}}],"collection":[{"href":"https:\/\/fidafederation.org\/es\/wp-json\/wp\/v2\/pages"}],"about":[{"href":"https:\/\/fidafederation.org\/es\/wp-json\/wp\/v2\/types\/page"}],"author":[{"embeddable":true,"href":"https:\/\/fidafederation.org\/es\/wp-json\/wp\/v2\/users\/1"}],"replies":[{"embeddable":true,"href":"https:\/\/fidafederation.org\/es\/wp-json\/wp\/v2\/comments?post=11505"}],"version-history":[{"count":6,"href":"https:\/\/fidafederation.org\/es\/wp-json\/wp\/v2\/pages\/11505\/revisions"}],"predecessor-version":[{"id":12027,"href":"https:\/\/fidafederation.org\/es\/wp-json\/wp\/v2\/pages\/11505\/revisions\/12027"}],"up":[{"embeddable":true,"href":"https:\/\/fidafederation.org\/es\/wp-json\/wp\/v2\/pages\/10994"}],"wp:attachment":[{"href":"https:\/\/fidafederation.org\/es\/wp-json\/wp\/v2\/media?parent=11505"}],"curies":[{"name":"wp","href":"https:\/\/api.w.org\/{rel}","templated":true}]}}