{"id":11110,"date":"2019-04-29T00:22:41","date_gmt":"2019-04-29T03:22:41","guid":{"rendered":"http:\/\/piolainteractive.com\/fidaorg\/?page_id=11110"},"modified":"2020-06-29T17:47:10","modified_gmt":"2020-06-29T20:47:10","slug":"relaciones-ongs","status":"publish","type":"page","link":"https:\/\/fidafederation.org\/es\/lo-que-hacemos\/relaciones-ongs\/","title":{"rendered":"Relaciones con ONGs"},"content":{"rendered":"<div class=\"wpb-content-wrapper\"><p>[vc_section][vc_row][vc_column][vc_column_text]La Federaci\u00f3n Internacional de Mujeres re\u00fane a asociaciones nacionales de mujeres juristas, abogadas y magistradas como miembros individuales de varios pa\u00edses. \u00d3rganos y personas que se dedican a establecer relaciones internacionales amistosas sobre una base de igualdad y respeto mutuo entre los pueblos; y tambi\u00e9n en consideraci\u00f3n de que las condiciones socioecon\u00f3micas de cada pa\u00eds repercuten en la situaci\u00f3n de las mujeres y los ni\u00f1os.<\/p>\n<p>FIDA se inspira en su pr\u00e1ctica en los principios consagrados por la Declaraci\u00f3n Universal de los Derechos del Hombre, por la Declaraci\u00f3n Universal de los Derechos del Ni\u00f1o, por la Convenci\u00f3n sobre la eliminaci\u00f3n de todas las formas de discriminaci\u00f3n contra la mujer.<\/p>\n<p>La Federaci\u00f3n promueve el estudio del derecho comparado, con el fin de promover en todos los pa\u00edses el respeto de los Derechos Fundamentales del Hombre, la Mujer y el Ni\u00f1o. Esto con el fin de respaldar el bienestar de las mujeres y los ni\u00f1os; en la conciencia de que del bienestar de las mujeres y los ni\u00f1os, depende la felicidad dom\u00e9stica y la fortaleza de la sociedad.[\/vc_column_text][vc_custom_heading text=&#8221;Miembro asociado de:&#8221; font_container=&#8221;tag:h3|font_size:26|text_align:left&#8221; google_fonts=&#8221;font_family:Raleway%3A100%2C200%2C300%2Cregular%2C500%2C600%2C700%2C800%2C900|font_style:700%20bold%20regular%3A700%3Anormal&#8221;][vc_gallery type=&#8221;image_grid&#8221; images=&#8221;11125,11122,11123,11124&#8243; img_size=&#8221;200&#215;200&#8243; onclick=&#8221;&#8221;][vc_empty_space][vc_custom_heading text=&#8221;Conecta con:&#8221; font_container=&#8221;tag:h3|font_size:26|text_align:left&#8221; google_fonts=&#8221;font_family:Raleway%3A100%2C200%2C300%2Cregular%2C500%2C600%2C700%2C800%2C900|font_style:700%20bold%20regular%3A700%3Anormal&#8221;][vc_gallery type=&#8221;image_grid&#8221; images=&#8221;11588,11589,11591,11593,11595&#8243; img_size=&#8221;200&#215;200&#8243; onclick=&#8221;&#8221;][vc_empty_space][vc_custom_heading text=&#8221;Los enlaces indicados por : Red no gubernamental africana de alerta para la prevenci\u00f3n de conflictos en \u00c1frica (RANGAPC)&#8221; font_container=&#8221;tag:p|font_size:18|text_align:left|color:%23222222|line_height:1.1&#8243; google_fonts=&#8221;font_family:Raleway%3A100%2C200%2C300%2Cregular%2C500%2C600%2C700%2C800%2C900|font_style:300%20light%20regular%3A300%3Anormal&#8221;][vc_empty_space][vc_custom_heading text=&#8221;Actividades de los Comit\u00e9s Permanentes de:&#8221; font_container=&#8221;tag:h3|font_size:26|text_align:left&#8221; google_fonts=&#8221;font_family:Raleway%3A100%2C200%2C300%2Cregular%2C500%2C600%2C700%2C800%2C900|font_style:700%20bold%20regular%3A700%3Anormal&#8221;][vc_column_text]Derecho Administrativo; Derecho Civil y Comercial Comparado; Constituci\u00f3n y Estatutos; Convenci\u00f3n; Relaciones Dom\u00e9sticas; Inmigraci\u00f3n, Nacionalidad y Naturalizaci\u00f3n; Hospitalidad Internacional; Derecho Internacional; Derecho de Menores; Legislaci\u00f3n Laboral; Educaci\u00f3n Jur\u00eddica; Condici\u00f3n Jur\u00eddica de la Mujer; Legislaci\u00f3n; Composici\u00f3n; Derecho Aeroespacial Derecho Penal; y Procedimiento; Relaciones P\u00fablicas; Facilitaci\u00f3n de Becas; Unesco; Naciones Unidas.[\/vc_column_text][\/vc_column][\/vc_row][\/vc_section][vc_section][\/vc_section]<\/p>\n<\/div>","protected":false},"excerpt":{"rendered":"<p>[vc_section][vc_row][vc_column][vc_column_text]La Federaci\u00f3n Internacional de Mujeres re\u00fane a asociaciones nacionales de mujeres juristas, abogadas y magistradas como miembros individuales de varios pa\u00edses. \u00d3rganos y personas que se dedican a establecer relaciones internacionales amistosas sobre una base de igualdad y respeto mutuo entre los pueblos; y tambi\u00e9n en consideraci\u00f3n de que las condiciones socioecon\u00f3micas de cada pa\u00eds [&hellip;]<\/p>\n","protected":false},"author":1,"featured_media":0,"parent":10994,"menu_order":0,"comment_status":"closed","ping_status":"closed","template":"","meta":{"footnotes":""},"class_list":["post-11110","page","type-page","status-publish","hentry"],"_links":{"self":[{"href":"https:\/\/fidafederation.org\/es\/wp-json\/wp\/v2\/pages\/11110","targetHints":{"allow":["GET"]}}],"collection":[{"href":"https:\/\/fidafederation.org\/es\/wp-json\/wp\/v2\/pages"}],"about":[{"href":"https:\/\/fidafederation.org\/es\/wp-json\/wp\/v2\/types\/page"}],"author":[{"embeddable":true,"href":"https:\/\/fidafederation.org\/es\/wp-json\/wp\/v2\/users\/1"}],"replies":[{"embeddable":true,"href":"https:\/\/fidafederation.org\/es\/wp-json\/wp\/v2\/comments?post=11110"}],"version-history":[{"count":29,"href":"https:\/\/fidafederation.org\/es\/wp-json\/wp\/v2\/pages\/11110\/revisions"}],"predecessor-version":[{"id":12000,"href":"https:\/\/fidafederation.org\/es\/wp-json\/wp\/v2\/pages\/11110\/revisions\/12000"}],"up":[{"embeddable":true,"href":"https:\/\/fidafederation.org\/es\/wp-json\/wp\/v2\/pages\/10994"}],"wp:attachment":[{"href":"https:\/\/fidafederation.org\/es\/wp-json\/wp\/v2\/media?parent=11110"}],"curies":[{"name":"wp","href":"https:\/\/api.w.org\/{rel}","templated":true}]}}