{"id":11107,"date":"2019-04-29T00:16:35","date_gmt":"2019-04-29T03:16:35","guid":{"rendered":"http:\/\/piolainteractive.com\/fidaorg\/?page_id=11107"},"modified":"2020-06-29T19:56:24","modified_gmt":"2020-06-29T22:56:24","slug":"objetivos-futuro","status":"publish","type":"page","link":"https:\/\/fidafederation.org\/es\/lo-que-hacemos\/objetivos-futuro\/","title":{"rendered":"Objetivos del futuro"},"content":{"rendered":"<div class=\"wpb-content-wrapper\"><p>[vc_section][vc_row][vc_column][vc_custom_heading text=&#8221;Si, como organizaci\u00f3n, hemos de tener y seguir teniendo un impacto significativo, debemos tener una membres\u00eda grande y fuerte.&#8221; font_container=&#8221;tag:h3|font_size:26|text_align:left&#8221; google_fonts=&#8221;font_family:Raleway%3A100%2C200%2C300%2Cregular%2C500%2C600%2C700%2C800%2C900|font_style:400%20regular%3A400%3Anormal&#8221;][vc_column_text css=&#8221;.vc_custom_1593471375567{padding-top: 2% !important;padding-bottom: 2% !important;}&#8221;]Nuestra primera prioridad es aumentar nuestra membres\u00eda. Hay fuerza en los n\u00fameros. No s\u00f3lo debemos aumentar nuestra membres\u00eda, sino que debemos mantenerla. Para ello debemos tener medios de comunicaci\u00f3n adecuados y debemos adherirnos estricta e inquebrantablemente a los principios de equidad y juego limpio.<\/p>\n<p>Todos los miembros de nuestros pa\u00edses, en cualquier regi\u00f3n, deben ser tratados de manera igualitaria y justa, y se les debe dar la misma oportunidad de ser elegidos para ocupar puestos de responsabilidad en nuestra propia organizaci\u00f3n. Debemos adherirnos estrechamente y luchar por los objetivos para los que nos organizamos. De lo contrario no tenemos ninguna raz\u00f3n de ser.[\/vc_column_text][\/vc_column][\/vc_row][\/vc_section]<\/p>\n<\/div>","protected":false},"excerpt":{"rendered":"<p>[vc_section][vc_row][vc_column][vc_custom_heading text=&#8221;Si, como organizaci\u00f3n, hemos de tener y seguir teniendo un impacto significativo, debemos tener una membres\u00eda grande y fuerte.&#8221; font_container=&#8221;tag:h3|font_size:26|text_align:left&#8221; google_fonts=&#8221;font_family:Raleway%3A100%2C200%2C300%2Cregular%2C500%2C600%2C700%2C800%2C900|font_style:400%20regular%3A400%3Anormal&#8221;][vc_column_text css=&#8221;.vc_custom_1593471375567{padding-top: 2% !important;padding-bottom: 2% !important;}&#8221;]Nuestra primera prioridad es aumentar nuestra membres\u00eda. Hay fuerza en los n\u00fameros. No s\u00f3lo debemos aumentar nuestra membres\u00eda, sino que debemos mantenerla. Para ello debemos tener medios de comunicaci\u00f3n [&hellip;]<\/p>\n","protected":false},"author":1,"featured_media":0,"parent":10994,"menu_order":0,"comment_status":"closed","ping_status":"closed","template":"","meta":{"footnotes":""},"class_list":["post-11107","page","type-page","status-publish","hentry"],"_links":{"self":[{"href":"https:\/\/fidafederation.org\/es\/wp-json\/wp\/v2\/pages\/11107","targetHints":{"allow":["GET"]}}],"collection":[{"href":"https:\/\/fidafederation.org\/es\/wp-json\/wp\/v2\/pages"}],"about":[{"href":"https:\/\/fidafederation.org\/es\/wp-json\/wp\/v2\/types\/page"}],"author":[{"embeddable":true,"href":"https:\/\/fidafederation.org\/es\/wp-json\/wp\/v2\/users\/1"}],"replies":[{"embeddable":true,"href":"https:\/\/fidafederation.org\/es\/wp-json\/wp\/v2\/comments?post=11107"}],"version-history":[{"count":3,"href":"https:\/\/fidafederation.org\/es\/wp-json\/wp\/v2\/pages\/11107\/revisions"}],"predecessor-version":[{"id":12005,"href":"https:\/\/fidafederation.org\/es\/wp-json\/wp\/v2\/pages\/11107\/revisions\/12005"}],"up":[{"embeddable":true,"href":"https:\/\/fidafederation.org\/es\/wp-json\/wp\/v2\/pages\/10994"}],"wp:attachment":[{"href":"https:\/\/fidafederation.org\/es\/wp-json\/wp\/v2\/media?parent=11107"}],"curies":[{"name":"wp","href":"https:\/\/api.w.org\/{rel}","templated":true}]}}