{"id":11099,"date":"2019-04-29T00:06:49","date_gmt":"2019-04-29T03:06:49","guid":{"rendered":"http:\/\/piolainteractive.com\/fidaorg\/?page_id=11099"},"modified":"2020-06-29T19:47:12","modified_gmt":"2020-06-29T22:47:12","slug":"logros","status":"publish","type":"page","link":"https:\/\/fidafederation.org\/es\/lo-que-hacemos\/logros\/","title":{"rendered":"Logros"},"content":{"rendered":"<div class=\"wpb-content-wrapper\"><p>[vc_section][vc_row][vc_column][vc_custom_heading text=&#8221;Hemos luchado y estamos luchando contra la discriminaci\u00f3n no s\u00f3lo contra las mujeres sino contra todos los seres humanos, y nos hemos unido activamente en la lucha contra la administraci\u00f3n desigual de la justicia, contra la tortura, el terrorismo, el secuestro, el apartheid y muchos otros problemas.&#8221; font_container=&#8221;tag:h3|font_size:26|text_align:left&#8221; google_fonts=&#8221;font_family:Raleway%3A100%2C200%2C300%2Cregular%2C500%2C600%2C700%2C800%2C900|font_style:400%20regular%3A400%3Anormal&#8221;][vc_column_text css=&#8221;.vc_custom_1593470791193{padding-top: 2% !important;padding-bottom: 2% !important;}&#8221;]En 1956, las mujeres de Hait\u00ed no pod\u00edan votar. Fuimos a Hait\u00ed, celebramos reuniones p\u00fablicas y como resultado directo de nuestros esfuerzos, las mujeres obtuvieron el derecho a votar poco despu\u00e9s de que nos fuimos.<\/p>\n<p>En 1960 las leyes que afectaban a las mujeres en Tailandia eran anticuadas y opresivas. Se nos pidi\u00f3 que fu\u00e9ramos a Tailandia, para celebrar reuniones all\u00ed para ayudar a las mujeres en su lucha por la igualdad. Gracias a la constante presi\u00f3n de nuestros miembros tailandeses, en 1974 se aprobaron finalmente leyes que otorgaban a las mujeres plena igualdad y ordenaban que todas las leyes existentes que discriminaban a las mujeres fueran abolidas en un plazo de dos a\u00f1os. Tambi\u00e9n se cre\u00f3 un Comit\u00e9 de redacci\u00f3n sobre el derecho de familia, compuesto por seis hombres y seis mujeres. Tres de las mujeres de ese comit\u00e9 son nuestros miembros. Otro de nuestros miembros tailandeses es ahora un senador.<\/p>\n<p>En 1971, en nuestro Congreso de Chile, las mujeres latinoamericanas nos pidieron que adopt\u00e1ramos resoluciones para rectificar las muchas iniquidades de sus leyes bajo el principio de la &#8220;Patria Potestad&#8221;, dando al padre un poder casi absoluto sobre los hijos y sus propiedades separadas. Se nos informa que desde entonces, se ha logrado mucho a ese respecto.<\/p>\n<p>Algunos delegados en la Convenci\u00f3n En Corea, el Dr. Tai-Young Lee fund\u00f3 la primera cl\u00ednica de asistencia jur\u00eddica para ayudar a los indigentes y, en particular, a las mujeres pobres.<\/p>\n<p>En Singapur, nuestros miembros han instituido un asesoramiento jur\u00eddico gratuito, han distribuido folletos sobre lo que las mujeres deben saber sobre la ley, en todos los idiomas y dialectos que se utilizan all\u00ed, y han establecido una beca para ni\u00f1os discapacitados.<\/p>\n<p>En Ir\u00e1n, nuestra ex presidenta, la Dra. Manoutchehrian, a sus expensas, tradujo la Declaraci\u00f3n Universal de los Derechos Humanos al persa y distribuy\u00f3 miles de copias en todo el pa\u00eds. El establecimiento de tribunales de familia y cl\u00ednicas de asistencia jur\u00eddica ha recibido una alta prioridad en los programas de nuestros miembros y estamos recopilando estad\u00edsticas actualizadas al respecto.<\/p>\n<p>En los Estados Unidos nuestros miembros han estado en la vanguardia de la batalla por el ERA, y han celebrado foros abiertos y mesas redondas sobre el efecto futuro del ERA. La Dra. Marguerite Rawalt es la presidenta del Consejo de Ratificaci\u00f3n de la Enmienda de Igualdad de Derechos.<\/p>\n<p>En Nigeria, el comit\u00e9 de redacci\u00f3n de la enmienda constitucional, integrado por 49 hombres y ninguna mujer, incorpor\u00f3 disposiciones que afectan a los derechos de la mujer a votar por motivos religiosos. Nuestros miembros nigerianos est\u00e1n impugnando en\u00e9rgicamente estas disposiciones, en consonancia con nuestra pol\u00edtica de apoyar la abolici\u00f3n de la discriminaci\u00f3n contra la mujer en los principios religiosos y las leyes tribales, dondequiera que se encuentren. FIDA Nigeria ha sido honrada recientemente por el Gobierno de Nigeria por su labor en la erradicaci\u00f3n del uso indebido de drogas.<\/p>\n<p>En 1991 FIDA Colombia fue pionera en los derechos pol\u00edticos de la mujer. La Asamblea Nacional Constituyente de Colombia, en virtud de la cl\u00e1usula de Derechos Pol\u00edticos, aprob\u00f3 &#8220;el deber del Estado de garantizar la participaci\u00f3n adecuada y efectiva de la mujer en los niveles de adopci\u00f3n de decisiones de la administraci\u00f3n p\u00fablica&#8221;.[\/vc_column_text][vc_custom_heading text=&#8221;Nuestras mujeres tambi\u00e9n han hecho grandes progresos en la lucha por colocar a las mujeres en puestos de formulaci\u00f3n de pol\u00edticas y en los rangos superiores del poder judicial. Aunque no nos atribuimos el m\u00e9rito exclusivo de los progresos ya realizados, creemos que hemos sido una fuerza convincente, y seguimos si\u00e9ndolo, en la batalla por obtener la igualdad para las mujeres y los derechos humanos para todos.&#8221; font_container=&#8221;tag:h3|font_size:26|text_align:left&#8221; google_fonts=&#8221;font_family:Raleway%3A100%2C200%2C300%2Cregular%2C500%2C600%2C700%2C800%2C900|font_style:400%20regular%3A400%3Anormal&#8221;][\/vc_column][\/vc_row][\/vc_section]<\/p>\n<\/div>","protected":false},"excerpt":{"rendered":"<p>[vc_section][vc_row][vc_column][vc_custom_heading text=&#8221;Hemos luchado y estamos luchando contra la discriminaci\u00f3n no s\u00f3lo contra las mujeres sino contra todos los seres humanos, y nos hemos unido activamente en la lucha contra la administraci\u00f3n desigual de la justicia, contra la tortura, el terrorismo, el secuestro, el apartheid y muchos otros problemas.&#8221; font_container=&#8221;tag:h3|font_size:26|text_align:left&#8221; google_fonts=&#8221;font_family:Raleway%3A100%2C200%2C300%2Cregular%2C500%2C600%2C700%2C800%2C900|font_style:400%20regular%3A400%3Anormal&#8221;][vc_column_text css=&#8221;.vc_custom_1593470791193{padding-top: 2% !important;padding-bottom: 2% !important;}&#8221;]En [&hellip;]<\/p>\n","protected":false},"author":1,"featured_media":0,"parent":10994,"menu_order":0,"comment_status":"closed","ping_status":"closed","template":"","meta":{"footnotes":""},"class_list":["post-11099","page","type-page","status-publish","hentry"],"_links":{"self":[{"href":"https:\/\/fidafederation.org\/es\/wp-json\/wp\/v2\/pages\/11099","targetHints":{"allow":["GET"]}}],"collection":[{"href":"https:\/\/fidafederation.org\/es\/wp-json\/wp\/v2\/pages"}],"about":[{"href":"https:\/\/fidafederation.org\/es\/wp-json\/wp\/v2\/types\/page"}],"author":[{"embeddable":true,"href":"https:\/\/fidafederation.org\/es\/wp-json\/wp\/v2\/users\/1"}],"replies":[{"embeddable":true,"href":"https:\/\/fidafederation.org\/es\/wp-json\/wp\/v2\/comments?post=11099"}],"version-history":[{"count":7,"href":"https:\/\/fidafederation.org\/es\/wp-json\/wp\/v2\/pages\/11099\/revisions"}],"predecessor-version":[{"id":12003,"href":"https:\/\/fidafederation.org\/es\/wp-json\/wp\/v2\/pages\/11099\/revisions\/12003"}],"up":[{"embeddable":true,"href":"https:\/\/fidafederation.org\/es\/wp-json\/wp\/v2\/pages\/10994"}],"wp:attachment":[{"href":"https:\/\/fidafederation.org\/es\/wp-json\/wp\/v2\/media?parent=11099"}],"curies":[{"name":"wp","href":"https:\/\/api.w.org\/{rel}","templated":true}]}}