{"id":11083,"date":"2019-04-28T23:40:00","date_gmt":"2019-04-29T02:40:00","guid":{"rendered":"http:\/\/piolainteractive.com\/fidaorg\/?page_id=11083"},"modified":"2020-06-29T17:14:48","modified_gmt":"2020-06-29T20:14:48","slug":"realizando-objectivos","status":"publish","type":"page","link":"https:\/\/fidafederation.org\/es\/lo-que-hacemos\/realizando-objectivos\/","title":{"rendered":"Realizando Objectivos"},"content":{"rendered":"<div class=\"wpb-content-wrapper\"><p>[vc_section][vc_row gap=&#8221;35&#8243; gradient_colors=&#8221;%5B%7B%7D%5D&#8221;][vc_column gradient_colors=&#8221;%5B%7B%7D%5D&#8221; css=&#8221;.vc_custom_1556506578805{padding-right: 10% !important;padding-left: 10% !important;}&#8221;][vc_custom_heading text=&#8221;FIDA busca realizar sus objetivos principalmente a trav\u00e9s de tres v\u00edas:&#8221; font_container=&#8221;tag:h3|font_size:40|text_align:center&#8221; google_fonts=&#8221;font_family:Raleway%3A100%2C200%2C300%2Cregular%2C500%2C600%2C700%2C800%2C900|font_style:400%20regular%3A400%3Anormal&#8221;][\/vc_column][\/vc_row][\/vc_section][vc_row][vc_column][m_feature_info title=&#8221;A) Su labor en las Naciones Unidas&#8221;]En virtud de su condici\u00f3n de entidad consultiva, FIDA tiene el privilegio y el derecho de asistir a las reuniones del Consejo Econ\u00f3mico y Social de las Naciones Unidas y de algunas de sus comisiones org\u00e1nicas y especiales, como la Comisi\u00f3n de la Condici\u00f3n Jur\u00eddica y Social de la Mujer, la Comisi\u00f3n de Derechos Humanos, la Subcomisi\u00f3n de Prevenci\u00f3n de Discriminaciones y Protecci\u00f3n a las Minor\u00edas y otras, y muchos Comit\u00e9s constituidos en relaci\u00f3n con la labor de esas comisiones. La federaci\u00f3n participa en su labor dando a conocer su posici\u00f3n sobre diversos temas mediante intervenciones orales y declaraciones escritas de las representantes de FIDA en esas reuniones. FIDA es miembro de la Junta de Directores de Organizaciones No Gubernamentales y goza de la condici\u00f3n de entidad consultiva n\u00famero 2.[\/m_feature_info][vc_empty_space][\/vc_column][\/vc_row][vc_row][vc_column][m_feature_info title=&#8221;B) Su labor en las convenciones trienales de FIDA&#8221;]Nuestra Federaci\u00f3n celebra convenciones internacionales cada dos a\u00f1os en el pa\u00eds del actual presidente. Estas convenciones rotan por regiones para que cada regi\u00f3n y los diversos pa\u00edses de esas regiones tengan la misma oportunidad de tener una presidenta y una convenci\u00f3n. En las convenciones, nuestros miembros generalmente hacen un estudio comparativo de alguna fase particular de la ley, escriben documentos y, despu\u00e9s del debate, llegan a conclusiones consensuadas, plasmadas en resoluciones que luego se publican en nuestras revistas y se distribuyen para que nuestros miembros act\u00faen en sus respectivos pa\u00edses. Las convenciones nos dan tambi\u00e9n la oportunidad de conocer personalmente a miembros de diferentes regiones y culturas, de entendernos mejor y de formular pol\u00edticas para que nuestra Federaci\u00f3n sea m\u00e1s eficaz en el cumplimiento de nuestros objetivos.[\/m_feature_info][vc_empty_space][\/vc_column][\/vc_row][vc_row][vc_column][m_feature_info title=&#8221;C) A trav\u00e9s de sus publicaciones&#8221;]El prop\u00f3sito de nuestras publicaciones es doble: mantener abiertas las l\u00edneas de comunicaci\u00f3n con nuestros miembros y mantenerlos informados sobre nuestro trabajo y resultados.<br \/>\nEl Bolet\u00edn de la Abogada: El Bolet\u00edn de las Abogadas Internacionales se publica trimestralmente en tres idiomas, a saber: &#8211; espa\u00f1ol, franc\u00e9s e ingl\u00e9s; La Abogada Internacional &#8211; Revista de la Convenci\u00f3n, que se publica una vez al a\u00f1o; tambi\u00e9n se preparan documentos de miembros individuales o comit\u00e9s que se leen en diversas conferencias y convenciones de la Federaci\u00f3n.[\/m_feature_info][\/vc_column][\/vc_row]<\/p>\n<\/div>","protected":false},"excerpt":{"rendered":"<p>[vc_section][vc_row gap=&#8221;35&#8243; gradient_colors=&#8221;%5B%7B%7D%5D&#8221;][vc_column gradient_colors=&#8221;%5B%7B%7D%5D&#8221; css=&#8221;.vc_custom_1556506578805{padding-right: 10% !important;padding-left: 10% !important;}&#8221;][vc_custom_heading text=&#8221;FIDA busca realizar sus objetivos principalmente a trav\u00e9s de tres v\u00edas:&#8221; font_container=&#8221;tag:h3|font_size:40|text_align:center&#8221; google_fonts=&#8221;font_family:Raleway%3A100%2C200%2C300%2Cregular%2C500%2C600%2C700%2C800%2C900|font_style:400%20regular%3A400%3Anormal&#8221;][\/vc_column][\/vc_row][\/vc_section][vc_row][vc_column][m_feature_info title=&#8221;A) Su labor en las Naciones Unidas&#8221;]En virtud de su condici\u00f3n de entidad consultiva, FIDA tiene el privilegio y el derecho de asistir a las reuniones del Consejo Econ\u00f3mico y Social de las [&hellip;]<\/p>\n","protected":false},"author":1,"featured_media":0,"parent":10994,"menu_order":0,"comment_status":"closed","ping_status":"closed","template":"","meta":{"footnotes":""},"class_list":["post-11083","page","type-page","status-publish","hentry"],"_links":{"self":[{"href":"https:\/\/fidafederation.org\/es\/wp-json\/wp\/v2\/pages\/11083","targetHints":{"allow":["GET"]}}],"collection":[{"href":"https:\/\/fidafederation.org\/es\/wp-json\/wp\/v2\/pages"}],"about":[{"href":"https:\/\/fidafederation.org\/es\/wp-json\/wp\/v2\/types\/page"}],"author":[{"embeddable":true,"href":"https:\/\/fidafederation.org\/es\/wp-json\/wp\/v2\/users\/1"}],"replies":[{"embeddable":true,"href":"https:\/\/fidafederation.org\/es\/wp-json\/wp\/v2\/comments?post=11083"}],"version-history":[{"count":15,"href":"https:\/\/fidafederation.org\/es\/wp-json\/wp\/v2\/pages\/11083\/revisions"}],"predecessor-version":[{"id":11998,"href":"https:\/\/fidafederation.org\/es\/wp-json\/wp\/v2\/pages\/11083\/revisions\/11998"}],"up":[{"embeddable":true,"href":"https:\/\/fidafederation.org\/es\/wp-json\/wp\/v2\/pages\/10994"}],"wp:attachment":[{"href":"https:\/\/fidafederation.org\/es\/wp-json\/wp\/v2\/media?parent=11083"}],"curies":[{"name":"wp","href":"https:\/\/api.w.org\/{rel}","templated":true}]}}