{"id":10994,"date":"2019-04-28T13:56:25","date_gmt":"2019-04-28T16:56:25","guid":{"rendered":"http:\/\/piolainteractive.com\/fidaorg\/?page_id=10994"},"modified":"2020-06-29T16:57:04","modified_gmt":"2020-06-29T19:57:04","slug":"lo-que-hacemos","status":"publish","type":"page","link":"https:\/\/fidafederation.org\/es\/lo-que-hacemos\/","title":{"rendered":"Lo que hacemos"},"content":{"rendered":"<div class=\"wpb-content-wrapper\"><p>[vc_section css=&#8221;.vc_custom_1556502114563{padding-bottom: 5% !important;}&#8221;][vc_row gradient_colors=&#8221;%5B%7B%7D%5D&#8221; css=&#8221;.vc_custom_1556502317900{padding-bottom: 5% !important;}&#8221;][vc_column][vc_custom_heading text=&#8221;FIDA participa en la promoci\u00f3n, protecci\u00f3n y preservaci\u00f3n de los derechos de las mujeres y los ni\u00f1os. Estos incluyen sus derechos civiles, pol\u00edticos, econ\u00f3micos, sociales y culturales.&#8221; font_container=&#8221;tag:h3|font_size:26|text_align:center&#8221; google_fonts=&#8221;font_family:Raleway%3A100%2C200%2C300%2Cregular%2C500%2C600%2C700%2C800%2C900|font_style:400%20regular%3A400%3Anormal&#8221;][vc_custom_heading text=&#8221;Lo hacemos creando y aumentando la conciencia jur\u00eddica de los derechos previstos en nuestras leyes nacionales, as\u00ed como las normas internacionales de igualdad. Lo hacemos mediante la defensa y la presi\u00f3n a trav\u00e9s de nuestras conferencias y talleres. Tambi\u00e9n a trav\u00e9s de la creaci\u00f3n de redes con otras organizaciones no gubernamentales y la cooperaci\u00f3n con organizaciones gubernamentales cuando surge la necesidad.&#8221; font_container=&#8221;tag:p|font_size:16|text_align:left&#8221; google_fonts=&#8221;font_family:Merriweather%3A300%2C300italic%2Cregular%2Citalic%2C700%2C700italic%2C900%2C900italic|font_style:300%20light%20italic%3A300%3Aitalic&#8221;][vc_row_inner][vc_column_inner][vc_custom_heading text=&#8221;El papel de FIDA ha sido:&#8221; font_container=&#8221;tag:h6|text_align:left&#8221; google_fonts=&#8221;font_family:Raleway%3A100%2C200%2C300%2Cregular%2C500%2C600%2C700%2C800%2C900|font_style:700%20bold%20regular%3A700%3Anormal&#8221;][\/vc_column_inner][\/vc_row_inner][vc_row_inner][vc_column_inner width=&#8221;1\/2&#8243;][m_feature_info title=&#8221;Promover&#8221;]<\/p>\n<ul>\n<li>Los objetivos y principios de las Naciones Unidas.<\/li>\n<li>El estudio del derecho comparado.<\/li>\n<li>El bienestar socioecon\u00f3mico de las mujeres y los ni\u00f1os<\/li>\n<\/ul>\n<p>[\/m_feature_info][vc_empty_space][m_feature_info title=&#8221;Organizar&#8221;]Mujeres abogadas a nivel nacional, regional e internacional.[\/m_feature_info][\/vc_column_inner][vc_column_inner width=&#8221;1\/2&#8243;][m_feature_info title=&#8221;Avance&#8221;]Las oportunidades disponibles para las mujeres en la vida c\u00edvica, la pol\u00edtica, la educaci\u00f3n, la industria, los negocios y las profesiones, en particular la profesi\u00f3n jur\u00eddica.[\/m_feature_info][vc_empty_space][m_feature_info title=&#8221;Crear espacios para:&#8221;]<\/p>\n<ul>\n<li>Establecer relaciones amistosas e internacionales.<\/li>\n<li>Defender los derechos de las mujeres y los ni\u00f1os<\/li>\n<\/ul>\n<p>[\/m_feature_info][\/vc_column_inner][\/vc_row_inner][\/vc_column][\/vc_row][vc_row gap=&#8221;35&#8243; gradient_colors=&#8221;%5B%7B%7D%5D&#8221;][vc_column width=&#8221;1\/4&#8243;][vc_custom_heading text=&#8221;Actividades&#8221; font_container=&#8221;tag:p|font_size:36|text_align:left|color:%23000000|line_height:1.1&#8243; google_fonts=&#8221;font_family:Raleway%3A100%2C200%2C300%2Cregular%2C500%2C600%2C700%2C800%2C900|font_style:400%20regular%3A400%3Anormal&#8221;][vc_empty_space][vc_column_text]Mejorar y promover el bienestar de las mujeres y los ni\u00f1os, teniendo en cuenta que del bienestar de las mujeres y los ni\u00f1os depende la felicidad del hogar y la fortaleza de la sociedad.<\/p>\n<p>Promover el estudio del derecho comparado.<\/p>\n<p>Promover los principios y los objetivos de las Naciones Unidas en sus aspectos jur\u00eddicos y sociales.<\/p>\n<p>FIDA trata de mejorar la condici\u00f3n de la mujer mediante la aplicaci\u00f3n efectiva de los siguientes temas prioritarios:[\/vc_column_text][\/vc_column][vc_column width=&#8221;3\/4&#8243;][vc_single_image image=&#8221;11056&#8243; img_size=&#8221;870&#215;540&#8243;][\/vc_column][\/vc_row][\/vc_section][vc_section full_width=&#8221;stretch_row&#8221; css=&#8221;.vc_custom_1556500194109{padding-top: 5% !important;padding-bottom: 5% !important;background-color: #f7f7f7 !important;}&#8221;][vc_row gap=&#8221;35&#8243; gradient_colors=&#8221;%5B%7B%7D%5D&#8221;][vc_column width=&#8221;1\/2&#8243;][vc_column_text]Los funcionarios ejecutivos de la Federaci\u00f3n establecen, y cada vicepresidente de pa\u00eds sigue de cerca, la posici\u00f3n jur\u00eddica, econ\u00f3mica y social de las mujeres y los ni\u00f1os en sus respectivos pa\u00edses y dirigen los esfuerzos de los miembros hacia el logro de mejores condiciones mediante la mejora de la legislaci\u00f3n y otras formas visibles:<\/p>\n<ol>\n<li>La Federaci\u00f3n apoya a las Naciones Unidas en todos sus programas.<\/li>\n<li>Organiza a las mujeres abogadas y a los colegios de abogados en 73 pa\u00edses.<\/li>\n<li>Aboga por el establecimiento de tribunales de menores con personal femenino competente y cualificado, siempre que sea posible.<\/li>\n<li>Trabaja para mejorar las leyes penales y la administraci\u00f3n.<\/li>\n<li>Insta a la igualdad de derechos pol\u00edticos y civiles para las mujeres.<\/li>\n<li>Alienta una mayor participaci\u00f3n de la mujer en los cargos p\u00fablicos.<\/li>\n<li>Insta a que se introduzcan cambios en el derecho p\u00fablico y privado que afecten a la mujer.<\/li>\n<li>Organiza conferencias y foros de debate sobre cuestiones jur\u00eddicas.<\/li>\n<\/ol>\n<p>[\/vc_column_text][\/vc_column][vc_column width=&#8221;1\/2&#8243;][vc_single_image image=&#8221;11068&#8243; img_size=&#8221;541&#215;386&#8243;][\/vc_column][\/vc_row][\/vc_section][vc_row gradient_colors=&#8221;%5B%7B%7D%5D&#8221; css=&#8221;.vc_custom_1556501522695{padding-top: 5% !important;}&#8221;][vc_column][vc_custom_heading text=&#8221;En los \u00faltimos a\u00f1os, el n\u00famero de miembros de nuestra Federaci\u00f3n ha crecido dram\u00e1ticamente. FIDA ha tenido una afluencia de brillantes miembros j\u00f3venes de todo el mundo, dedicados a la mejora de su propia sociedad y de toda la sociedad, atra\u00eddos a nuestra organizaci\u00f3n por su internacionalismo.&#8221; font_container=&#8221;tag:h3|font_size:26|text_align:center&#8221; google_fonts=&#8221;font_family:Raleway%3A100%2C200%2C300%2Cregular%2C500%2C600%2C700%2C800%2C900|font_style:400%20regular%3A400%3Anormal&#8221;][\/vc_column][\/vc_row]<\/p>\n<\/div>","protected":false},"excerpt":{"rendered":"<p>[vc_section css=&#8221;.vc_custom_1556502114563{padding-bottom: 5% !important;}&#8221;][vc_row gradient_colors=&#8221;%5B%7B%7D%5D&#8221; css=&#8221;.vc_custom_1556502317900{padding-bottom: 5% !important;}&#8221;][vc_column][vc_custom_heading text=&#8221;FIDA participa en la promoci\u00f3n, protecci\u00f3n y preservaci\u00f3n de los derechos de las mujeres y los ni\u00f1os. Estos incluyen sus derechos civiles, pol\u00edticos, econ\u00f3micos, sociales y culturales.&#8221; font_container=&#8221;tag:h3|font_size:26|text_align:center&#8221; google_fonts=&#8221;font_family:Raleway%3A100%2C200%2C300%2Cregular%2C500%2C600%2C700%2C800%2C900|font_style:400%20regular%3A400%3Anormal&#8221;][vc_custom_heading text=&#8221;Lo hacemos creando y aumentando la conciencia jur\u00eddica de los derechos previstos en nuestras leyes nacionales, as\u00ed como [&hellip;]<\/p>\n","protected":false},"author":1,"featured_media":0,"parent":0,"menu_order":0,"comment_status":"closed","ping_status":"closed","template":"","meta":{"footnotes":""},"class_list":["post-10994","page","type-page","status-publish","hentry"],"_links":{"self":[{"href":"https:\/\/fidafederation.org\/es\/wp-json\/wp\/v2\/pages\/10994","targetHints":{"allow":["GET"]}}],"collection":[{"href":"https:\/\/fidafederation.org\/es\/wp-json\/wp\/v2\/pages"}],"about":[{"href":"https:\/\/fidafederation.org\/es\/wp-json\/wp\/v2\/types\/page"}],"author":[{"embeddable":true,"href":"https:\/\/fidafederation.org\/es\/wp-json\/wp\/v2\/users\/1"}],"replies":[{"embeddable":true,"href":"https:\/\/fidafederation.org\/es\/wp-json\/wp\/v2\/comments?post=10994"}],"version-history":[{"count":63,"href":"https:\/\/fidafederation.org\/es\/wp-json\/wp\/v2\/pages\/10994\/revisions"}],"predecessor-version":[{"id":11997,"href":"https:\/\/fidafederation.org\/es\/wp-json\/wp\/v2\/pages\/10994\/revisions\/11997"}],"wp:attachment":[{"href":"https:\/\/fidafederation.org\/es\/wp-json\/wp\/v2\/media?parent=10994"}],"curies":[{"name":"wp","href":"https:\/\/api.w.org\/{rel}","templated":true}]}}