{"id":10889,"date":"2019-04-27T22:59:01","date_gmt":"2019-04-28T01:59:01","guid":{"rendered":"http:\/\/piolainteractive.com\/fidaorg\/?page_id=10889"},"modified":"2020-06-29T16:15:25","modified_gmt":"2020-06-29T19:15:25","slug":"politicas","status":"publish","type":"page","link":"https:\/\/fidafederation.org\/es\/nosotros\/politicas\/","title":{"rendered":"Pol\u00edticas"},"content":{"rendered":"<div class=\"wpb-content-wrapper\"><p>[vc_section][vc_row gap=&#8221;35&#8243; gradient_colors=&#8221;%5B%7B%7D%5D&#8221;][vc_column][vc_row_inner gradient_colors=&#8221;%5B%7B%7D%5D&#8221; css=&#8221;.vc_custom_1556496424832{padding-left: 2% !important;}&#8221;][vc_column_inner width=&#8221;1\/2&#8243;][vc_custom_heading text=&#8221;El tama\u00f1o y la fuerza actuales no se han alcanzado f\u00e1cilmente. Hemos cometido errores, pero esperamos haber aprendido de nuestros errores y a trav\u00e9s de los a\u00f1os hemos formulado pol\u00edticas para llevar a cabo nuestros objetivos y evitar retrocesos.&#8221; font_container=&#8221;tag:h3|font_size:18|text_align:left|line_height:1.9&#8243; google_fonts=&#8221;font_family:Merriweather%3A300%2C300italic%2Cregular%2Citalic%2C700%2C700italic%2C900%2C900italic|font_style:300%20light%20italic%3A300%3Aitalic&#8221;][vc_column_text]Cuando naci\u00f3 nuestra Federaci\u00f3n, se adopt\u00f3 una constituci\u00f3n muy vaga y poco precisa con pocas directrices operativas. Las mismas personas fueron elegidas y reelegidas y se mantuvieron en el cargo a\u00f1o tras a\u00f1o. Se celebraron convenciones todos los a\u00f1os, siempre que fue conveniente, ya sea en Europa o en Am\u00e9rica, prestando poca atenci\u00f3n a las consideraciones regionales o a la distribuci\u00f3n geogr\u00e1fica.<\/p>\n<p>A medida que el n\u00famero de miembros crec\u00eda y se expand\u00eda a las partes m\u00e1s alejadas del mundo, las convenciones anuales se convirtieron en una imposibilidad financiera y se adopt\u00f3 una pol\u00edtica de convenciones bienales, que se celebraban en el pa\u00eds del actual presidente. Tambi\u00e9n se hizo evidente para nuestros miembros pioneros que no pod\u00edamos mantener una membres\u00eda tan diversa a menos que tambi\u00e9n adopt\u00e1ramos una pol\u00edtica de rotaci\u00f3n de funcionarios y convenciones por regiones, y que nuestra constituci\u00f3n deb\u00eda ser revisada.<\/p>\n<p>[\/vc_column_text][\/vc_column_inner][vc_column_inner width=&#8221;1\/2&#8243; css=&#8221;.vc_custom_1556496486741{padding-left: 5% !important;}&#8221;][vc_toggle title=&#8221;1958 &#8211; Se nombr\u00f3 un comit\u00e9 para volver a redactar la Constituci\u00f3n&#8221; style=&#8221;square&#8221; color=&#8221;peacoc&#8221; open=&#8221;true&#8221;]En 1958 elegimos a nuestro primer presidente asi\u00e1tica,\u00a0 JOSEFINA PHODACA-AMBROSIO de Filipinas y se nombr\u00f3 un comit\u00e9 para redactar de nuevo la constituci\u00f3n.[\/vc_toggle][vc_toggle title=&#8221;1960 &#8211; Se establece una Pol\u00edtica posterior&#8221; style=&#8221;square&#8221; color=&#8221;peacoc&#8221;]En la primera convenci\u00f3n asi\u00e1tica celebrada en 1960 en Manila, se estableci\u00f3 la pol\u00edtica ulterior, tras un prolongado y acalorado debate, de no poder elegir un presidente ni celebrar una convenci\u00f3n en un pa\u00eds con un historial desagradable de violaciones de los derechos humanos. Nuestros miembros adoptaron la posici\u00f3n de que no honrar\u00edan a tal pa\u00eds confiriendo la presidencia a uno de sus ciudadanos, por muy popular o competente que fuera ese ciudadano, ni celebrando una convenci\u00f3n internacional de nuestra organizaci\u00f3n, dedicada a la promoci\u00f3n de los derechos humanos, en un pa\u00eds que no mostrara ning\u00fan respeto por esos derechos. Esta pol\u00edtica se ha seguido estrictamente desde entonces. ESTHER TALAMANTES fue entonces elegida presidenta.<\/p>\n<p>En 1962 nuestra convenci\u00f3n se celebr\u00f3 en Ciudad de M\u00e9xico donde elegimos a la difunta Violeta Alva de la India como nuestra pr\u00f3xima presidenta.[\/vc_toggle][vc_toggle title=&#8221;1964 &#8211; Nuestra Constituci\u00f3n revisada fue adoptada&#8221; style=&#8221;square&#8221; color=&#8221;peacoc&#8221;]En 1964, en la convenci\u00f3n de Nueva Delhi, se aprob\u00f3 nuestra constituci\u00f3n revisada. En esa constituci\u00f3n est\u00e1 escrito el mandato de que las convenciones deben rotar por regiones, que un presidente no puede ser reelegido y que ning\u00fan funcionario ejecutivo puede ser elegido para el mismo cargo por m\u00e1s de dos per\u00edodos sucesivos. Tambi\u00e9n se adopt\u00f3 oficiosamente una pol\u00edtica seg\u00fan la cual ning\u00fan pa\u00eds de ninguna regi\u00f3n deber\u00eda recibir el honor de la presidencia por segunda vez a menos que no hubiera ning\u00fan otro miembro en ning\u00fan pa\u00eds de esa regi\u00f3n listo, capaz y dispuesto a aceptar la presidencia y celebrar la convenci\u00f3n en su pa\u00eds.<\/p>\n<p>[\/vc_toggle][vc_toggle title=&#8221;2017 &#8211; Se estableci\u00f3 una nueva Constituci\u00f3n&#8221; style=&#8221;square&#8221; color=&#8221;peacoc&#8221;]En la 36\u00aa Convenci\u00f3n Internacional Trienal celebrada en Freeport (Bahamas) del 13 al 17 de noviembre de 2017.[\/vc_toggle][\/vc_column_inner][\/vc_row_inner][\/vc_column][\/vc_row][\/vc_section][vc_section full_width=&#8221;stretch_row&#8221; css=&#8221;.vc_custom_1556419404732{background-color: #f7f7f7 !important;}&#8221;][vc_row gradient_colors=&#8221;%5B%7B%7D%5D&#8221;][vc_column][vc_custom_heading text=&#8221;La experiencia tambi\u00e9n nos ha ense\u00f1ado que la rotaci\u00f3n de la presidencia y de la convenci\u00f3n, tambi\u00e9n debe ser ordenada y seguir un patr\u00f3n espec\u00edfico.&#8221; font_container=&#8221;tag:h3|font_size:26|text_align:center&#8221; google_fonts=&#8221;font_family:Raleway%3A100%2C200%2C300%2Cregular%2C500%2C600%2C700%2C800%2C900|font_style:400%20regular%3A400%3Anormal&#8221; css=&#8221;.vc_custom_1593457463550{padding-top: 5% !important;}&#8221;][\/vc_column][\/vc_row][vc_row gap=&#8221;35&#8243; gradient_colors=&#8221;%5B%7B%7D%5D&#8221;][vc_column width=&#8221;1\/2&#8243;][vc_column_text]Los miembros est\u00e1n orgullosos de sus pa\u00edses y son sensibles a cualquier desaire intencionado o inadvertido. Perdimos gran parte de nuestros miembros sudamericanos cuando hubo un malentendido sobre la convenci\u00f3n que se hab\u00eda programado para Venezuela. Cuando empezamos a adherirnos seriamente a la pol\u00edtica de rotaci\u00f3n, en nuestro af\u00e1n de ser justos con el tercer mundo y los pa\u00edses en desarrollo, pasamos por alto a Europa, con el resultado de que nuestra membres\u00eda europea se erosion\u00f3. Recuperamos algunos, pero no todos, cuando finalmente elegimos un presidente europeo y tuvimos una convenci\u00f3n europea.[\/vc_column_text][\/vc_column][vc_column width=&#8221;1\/2&#8243;][vc_column_text]Desde 1960 hemos tenido cuatro presidentes y convenciones orientales, tres en \u00c1frica, dos en Am\u00e9rica del Norte, tres en Am\u00e9rica del Sur y dos en Europa.<\/p>\n<p>Se debe seguir el orden regular y ninguna regi\u00f3n puede ser desviada a menos que la propia regi\u00f3n rechace la oportunidad de una presidenta y una convenci\u00f3n. Tambi\u00e9n hay que se\u00f1alar, que si permitimos que la presidencia vaya por segunda vez a un pa\u00eds de una regi\u00f3n determinada, significar\u00eda que los dem\u00e1s pa\u00edses de esa regi\u00f3n no tendr\u00edan la oportunidad de optar a la presidencia y a una convenci\u00f3n durante al menos otros diez a\u00f1os.[\/vc_column_text][\/vc_column][\/vc_row][\/vc_section]<\/p>\n<\/div>","protected":false},"excerpt":{"rendered":"<p>[vc_section][vc_row gap=&#8221;35&#8243; gradient_colors=&#8221;%5B%7B%7D%5D&#8221;][vc_column][vc_row_inner gradient_colors=&#8221;%5B%7B%7D%5D&#8221; css=&#8221;.vc_custom_1556496424832{padding-left: 2% !important;}&#8221;][vc_column_inner width=&#8221;1\/2&#8243;][vc_custom_heading text=&#8221;El tama\u00f1o y la fuerza actuales no se han alcanzado f\u00e1cilmente. Hemos cometido errores, pero esperamos haber aprendido de nuestros errores y a trav\u00e9s de los a\u00f1os hemos formulado pol\u00edticas para llevar a cabo nuestros objetivos y evitar retrocesos.&#8221; font_container=&#8221;tag:h3|font_size:18|text_align:left|line_height:1.9&#8243; google_fonts=&#8221;font_family:Merriweather%3A300%2C300italic%2Cregular%2Citalic%2C700%2C700italic%2C900%2C900italic|font_style:300%20light%20italic%3A300%3Aitalic&#8221;][vc_column_text]Cuando naci\u00f3 nuestra Federaci\u00f3n, se adopt\u00f3 una [&hellip;]<\/p>\n","protected":false},"author":1,"featured_media":0,"parent":9964,"menu_order":0,"comment_status":"closed","ping_status":"closed","template":"","meta":{"footnotes":""},"class_list":["post-10889","page","type-page","status-publish","hentry"],"_links":{"self":[{"href":"https:\/\/fidafederation.org\/es\/wp-json\/wp\/v2\/pages\/10889","targetHints":{"allow":["GET"]}}],"collection":[{"href":"https:\/\/fidafederation.org\/es\/wp-json\/wp\/v2\/pages"}],"about":[{"href":"https:\/\/fidafederation.org\/es\/wp-json\/wp\/v2\/types\/page"}],"author":[{"embeddable":true,"href":"https:\/\/fidafederation.org\/es\/wp-json\/wp\/v2\/users\/1"}],"replies":[{"embeddable":true,"href":"https:\/\/fidafederation.org\/es\/wp-json\/wp\/v2\/comments?post=10889"}],"version-history":[{"count":41,"href":"https:\/\/fidafederation.org\/es\/wp-json\/wp\/v2\/pages\/10889\/revisions"}],"predecessor-version":[{"id":11993,"href":"https:\/\/fidafederation.org\/es\/wp-json\/wp\/v2\/pages\/10889\/revisions\/11993"}],"up":[{"embeddable":true,"href":"https:\/\/fidafederation.org\/es\/wp-json\/wp\/v2\/pages\/9964"}],"wp:attachment":[{"href":"https:\/\/fidafederation.org\/es\/wp-json\/wp\/v2\/media?parent=10889"}],"curies":[{"name":"wp","href":"https:\/\/api.w.org\/{rel}","templated":true}]}}