{"id":10831,"date":"2019-04-27T20:50:32","date_gmt":"2019-04-27T23:50:32","guid":{"rendered":"http:\/\/piolainteractive.com\/fidaorg\/?page_id=10831"},"modified":"2024-05-22T16:05:15","modified_gmt":"2024-05-22T19:05:15","slug":"membresia","status":"publish","type":"page","link":"https:\/\/fidafederation.org\/es\/nosotros\/membresia\/","title":{"rendered":"Membres\u00eda"},"content":{"rendered":"<div class=\"wpb-content-wrapper\"><p>[vc_section][vc_row gradient_colors=&#8221;%5B%7B%7D%5D&#8221; css=&#8221;.vc_custom_1557717705314{padding-bottom: 5% !important;}&#8221;][vc_column][vc_custom_heading text=&#8221;No s\u00f3lo hemos crecido de tal manera que ahora tenemos miembros en casi todos los rincones del mundo, sino que contamos entre nuestros miembros con algunas de las grandes l\u00edderes femeninas del mundo, muchas de las cuales tambi\u00e9n se desempe\u00f1aron como presidentas de nuestras organizaciones.&#8221; font_container=&#8221;tag:h3|font_size:20|text_align:center|color:%23222222|line_height:1.5&#8243; google_fonts=&#8221;font_family:Merriweather%3A300%2C300italic%2Cregular%2Citalic%2C700%2C700italic%2C900%2C900italic|font_style:300%20light%20italic%3A300%3Aitalic&#8221;][vc_custom_heading text=&#8221;\u00a1\u00danete a nosotras!&#8221; font_container=&#8221;tag:h2|font_size:46|text_align:center|color:%23034ea2&#8243; google_fonts=&#8221;font_family:Raleway%3A100%2C200%2C300%2Cregular%2C500%2C600%2C700%2C800%2C900|font_style:700%20bold%20regular%3A700%3Anormal&#8221;][vc_custom_heading text=&#8221;Puede hacer su pago en l\u00ednea con Paypal, a trav\u00e9s de un dep\u00f3sito bancario o un cheque.&#8221; font_container=&#8221;tag:h2|font_size:24|text_align:center|color:%23222222&#8243; google_fonts=&#8221;font_family:Raleway%3A100%2C200%2C300%2Cregular%2C500%2C600%2C700%2C800%2C900|font_style:400%20regular%3A400%3Anormal&#8221;][vc_custom_heading text=&#8221;Sigue estos pasos:&#8221; font_container=&#8221;tag:h2|font_size:46|text_align:center|color:%23034ea2&#8243; google_fonts=&#8221;font_family:Raleway%3A100%2C200%2C300%2Cregular%2C500%2C600%2C700%2C800%2C900|font_style:700%20bold%20regular%3A700%3Anormal&#8221;][\/vc_column][\/vc_row][vc_row full_width=&#8221;stretch_row_content_no_spaces&#8221; gradient_colors=&#8221;%5B%7B%7D%5D&#8221; css=&#8221;.vc_custom_1560208058082{background-color: #f6f6f8 !important;}&#8221;][vc_column width=&#8221;2\/5&#8243; gradient_colors=&#8221;%5B%7B%7D%5D&#8221; css=&#8221;.vc_custom_1560208520567{padding-top: 10% !important;padding-right: 10% !important;padding-bottom: 10% !important;padding-left: 10% !important;background-color: #034ea2 !important;}&#8221;][vc_custom_heading text=&#8221;1. Selecciona tu membres\u00eda:&#8221; font_container=&#8221;tag:h2|text_align:left|color:%23ffffff&#8221; use_theme_fonts=&#8221;yes&#8221;][vc_tta_accordion style=&#8221;flat&#8221; shape=&#8221;square&#8221; color=&#8221;white&#8221; active_section=&#8221;1000&#8243;][vc_tta_section i_icon_fontawesome=&#8221;fa fa-graduation-cap&#8221; add_icon=&#8221;true&#8221; title=&#8221;Estudiante US$20&#8243; tab_id=&#8221;1560208900702-4801176c-a4f6&#8243;][vc_btn title=&#8221;Membres\u00eda de estudiante&#8221; style=&#8221;flat&#8221; shape=&#8221;square&#8221; color=&#8221;pink&#8221; align=&#8221;center&#8221; link=&#8221;|||&#8221;][vc_column_text css=&#8221;.vc_custom_1716403101687{padding-bottom: 2% !important;}&#8221;]<\/p>\n<p style=\"text-align: center;\"><strong>Pague aqu\u00ed por la membres\u00eda de estudiante<br \/>\n(Pago anual)<\/strong><\/p>\n<p>Elija esta opci\u00f3n si es una mujer estudiante de derecho que espera ejercer la abogac\u00eda.<br \/>\nSer\u00e1s un miembro sin derecho a voto pero podr\u00e1s ser admitida como miembro individual con derecho a voto al ser admitida a la pr\u00e1ctica.<\/p>\n<form action=\"https:\/\/www.paypal.com\/cgi-bin\/webscr\" method=\"post\" target=\"_top\"><\/form>\n<p>[\/vc_column_text][\/vc_tta_section][vc_tta_section i_icon_fontawesome=&#8221;fa fa-user&#8221; add_icon=&#8221;true&#8221; title=&#8221;Miembro Activo US$40&#8243; tab_id=&#8221;1560208900752-86e90d2a-f22e&#8221;][vc_btn title=&#8221;\u00danase como miembro activo&#8221; style=&#8221;flat&#8221; shape=&#8221;square&#8221; color=&#8221;pink&#8221; align=&#8221;center&#8221; link=&#8221;|||&#8221;][vc_column_text css=&#8221;.vc_custom_1716403123734{padding-bottom: 2% !important;}&#8221;]<\/p>\n<p style=\"text-align: center;\"><strong>Paga aqu\u00ed y \u00fanase como miembro activo<br \/>\n(Pago anual)<\/strong><\/p>\n<p>\u00danase como miembro individual si es una mujer admitida para ejercer la abogac\u00eda en su pa\u00eds respectivo.<img loading=\"lazy\" decoding=\"async\" src=\"https:\/\/www.paypalobjects.com\/es_XC\/i\/scr\/pixel.gif\" alt=\"\" width=\"1\" height=\"1\" border=\"0\" \/>[\/vc_column_text][\/vc_tta_section][vc_tta_section i_icon_fontawesome=&#8221;fa fa-handshake-o&#8221; add_icon=&#8221;true&#8221; title=&#8221;Patron US$40&#8243; tab_id=&#8221;1560210124002-8dc87147-3d89&#8243;][vc_btn title=&#8221;\u00danase como patrocinador&#8221; style=&#8221;flat&#8221; shape=&#8221;square&#8221; color=&#8221;pink&#8221; align=&#8221;center&#8221; link=&#8221;|||&#8221;][vc_column_text]<\/p>\n<p style=\"text-align: center;\"><strong>Paga aqu\u00ed y \u00fanase como patrocinador<br \/>\n(Pago anual)<\/strong><\/p>\n<p>Convi\u00e9rtase en mecenas si es un hombre o una mujer interesado en el avance de la mujer en la profesi\u00f3n legal. Las mujeres mecenas debidamente calificadas y admitidas para el ejercicio de la abogac\u00eda tendr\u00e1n derecho a voto. Los patrocinadores que no sean abogados no tendr\u00e1n derecho a votar.[\/vc_column_text][\/vc_tta_section][vc_tta_section i_icon_fontawesome=&#8221;fa fa-star&#8221; add_icon=&#8221;true&#8221; title=&#8221;Membres\u00eda Vitalicia US$400&#8243; tab_id=&#8221;1560210522594-b63655b4-b314&#8243;][vc_btn title=&#8221;Hazte Miembro vitalicio&#8221; style=&#8221;flat&#8221; shape=&#8221;square&#8221; color=&#8221;pink&#8221; align=&#8221;center&#8221; link=&#8221;|||&#8221;][vc_column_text]<\/p>\n<p style=\"text-align: center;\"><strong>Pague ahora y \u00fanase como un miembro de por vida<br \/>\nUn pago<\/strong><\/p>\n<p>\u00danete como miembro individual de por vida, si eres una mujer admitida para ejercer la abogac\u00eda en tu respectivo pa\u00eds.<img loading=\"lazy\" decoding=\"async\" src=\"https:\/\/www.paypalobjects.com\/es_XC\/i\/scr\/pixel.gif\" alt=\"\" width=\"1\" height=\"1\" border=\"0\" \/>[\/vc_column_text][\/vc_tta_section][vc_tta_section i_icon_fontawesome=&#8221;fa fa-users&#8221; add_icon=&#8221;true&#8221; title=&#8221;Organizaciones afiliadas US$400&#8243; tab_id=&#8221;1560210545361-2a3a7c21-5e12&#8243;][vc_btn title=&#8221;\u00danase como una organizaci\u00f3n afiliada&#8221; style=&#8221;flat&#8221; shape=&#8221;square&#8221; color=&#8221;pink&#8221; align=&#8221;center&#8221; link=&#8221;|||&#8221;][vc_column_text]<\/p>\n<p style=\"text-align: center;\"><strong>Pague ahora y \u00fanase como una organizaci\u00f3n afiliada<\/strong><\/p>\n<p>Elija esta opci\u00f3n si representa a una organizaci\u00f3n de mujeres abogadas afiliadas a la federaci\u00f3n. Los afiliados tendr\u00e1n derecho a voto, deben ser apol\u00edticos y sin fines de lucro y deben ser independientes y no estar sujetos al control de ning\u00fan gobierno.[\/vc_column_text][\/vc_tta_section][\/vc_tta_accordion][\/vc_column][vc_column width=&#8221;3\/5&#8243; gradient_colors=&#8221;%5B%7B%7D%5D&#8221; css=&#8221;.vc_custom_1560211972233{padding-top: 7% !important;padding-right: 10% !important;padding-bottom: 10% !important;padding-left: 10% !important;}&#8221;][vc_raw_html]JTNDcCUzRUJhbmNvcyUyMGNvcnJlc3BvbnNhbGVzJTIwZGUlMjBFRS4lMjBVVS4lMjBVU0QlMEFCYW5rJTIwT2YlMjBBbWVyaWNhJTIwTkElMjBTdWN1cnNhbCUyMGRlJTIwTWlhbWklMEFNaWFtaSUyQyUyMEZsb3JpZGElMEFBJTJGQyUyMyUyMDE5MDEwMDk2ODAlMEFBQkElMjMlMjAwMjYwMDk1OTMlM0MlMkZwJTNFJTBBJTBBJTNDcCUzRVBhcmElMjBjciVDMyVBOWRpdG8lMjBhJTIwQ29tbW9ud2VhbHRoJTIwQmFuayUyMExpbWl0ZWQlMEFDJUMzJUIzZGlnbyUyMFN3aWZ0JTNBJTIwY29td2JzbnMlMEFQYXJhJTIwY3IlQzMlQTlkaXRvJTIwYWRpY2lvbmFsJTIwYSUyMGxhJTIwRmVkZXJhY2klQzMlQjNuJTIwSW50ZXJuYWNpb25hbCUyMGRlJTIwTXVqZXJlcyUyMEFib2dhZGFzJTJDJTBBQ29tbW9ud2VhbHRoJTIwQmFuayUyMEx0ZC4lMjBzdWN1cnNhbCUyMCUyMzIxMTA1JTBBTiVDMyVCQW1lcm8lMjBkZSUyMGN1ZW50YSUyMDUwMDQyNjMlM0MlMkZwJTNFJTBBJTBBJTNDcCUzRUdCUCUwQUJhbmslMjBPZiUyMEFtZXJpY2ElMjBOQSUyQyUyMHN1Y3Vyc2FsJTIwZGUlMjBMb25kcmVzJTBBNSUyMENhbmFkYSUyMFNxdWFyZSUwQUxvbmRvbiUyMGUxNCUyMDVhcSUyQyUyMFJlaW5vJTIwVW5pZG8lMEFBJTJGQyUyMyUyMDYwMDg2NTkyMDAxMSUwQUlCQU4lM0ElMjBHQjcwJTIwQk9GQSUyMDE2NTAlMjA1MDY1JTIwOTIwMCUyMDExJTBBQyVDMyVCM2RpZ28lMjBTd2lmdCUzQSUyMEJPRkFHQjIyJTNDJTJGUCUzRSUwQSUwQSUzQ3AlM0VQYXJhJTIwY3IlQzMlQTlkaXRvJTIwYSUyMENvbW1vbndlYWx0aCUyMEJhbmslMjBMaW1pdGVkJTJDJTBBYyVDMyVCM2RpZ28lMjByJUMzJUExcGlkbyUzQSUyMGNvbXdic25zJTBBcGFyYSUyMGNyJUMzJUE5ZGl0byUyMGFkaWNpb25hbCUyMGElMjBsYSUyMEZlZGVyYWNpJUMzJUIzbiUyMEludGVybmFjaW9uYWwlMjBkZSUyMEFib2dhZGFzJTBBQ29tbW9ud2VhbHRoJTIwQmFuayUyMEx0ZC4lMjBzdWN1cnNhbCUyMCUyMzIxMTA1JTBBTiVDMyVCQW1lcm8lMjBkZSUyMGN1ZW50YSUyMDUwMDQyNjMlM0MlMkZQJTNFJTBBJTBBJTNDcCUzRURlc2NhcmdhJTIwZWwlMjBmb3JtdWxhcmlvJTJDJTIwcmVsbCVDMyVBOW5hbG8lMjB5JTIwZW52JUMzJUFEYWxvJTIwcG9yJTIwY29ycmVvJTIwZWxlY3RyJUMzJUIzbmljbyUyMGElMjB0ZXNvcmVyJUMzJUFEYSUyQyUyMGFkanVudGFuZG8lMjB0YW1iaSVDMyVBOW4lMjB0dSUyMGNvbXByb2JhbnRlJTIwZGUlMjBwYWdvLiUzQyUyRlAlM0U=[\/vc_raw_html][vc_btn title=&#8221;Descarga Formulario Membres\u00eda&#8221; style=&#8221;classic&#8221; color=&#8221;sky&#8221; align=&#8221;center&#8221; link=&#8221;url:http%3A%2F%2Ffidafederation.org%2Fen%2Fwp-content%2Fuploads%2F2024%2F04%2FFIDA_Membership_2024.pdf|title:Formulario|target:%20_blank|&#8221;][\/vc_column][vc_column][\/vc_column][vc_column][\/vc_column][\/vc_row][vc_row][vc_column width=&#8221;1\/3&#8243;][\/vc_column][vc_column width=&#8221;1\/3&#8243;][\/vc_column][vc_column width=&#8221;1\/3&#8243;][\/vc_column][\/vc_row][vc_row full_width=&#8221;stretch_row&#8221; ptextcolor=&#8221;White&#8221; gradient_colors=&#8221;%5B%7B%7D%5D&#8221; css=&#8221;.vc_custom_1560217648006{padding-top: 4% !important;padding-bottom: 4% !important;background-color: #222222 !important;}&#8221;][vc_column][vc_column_text]<\/p>\n<p style=\"text-align: center;\">Por favor, env\u00ede este formulario junto con la cantidad exacta a pagar por cheque o giro bancario a nombre de la &#8220;Federaci\u00f3n Internacional de Mujeres Abogadas&#8221; en d\u00f3lares americanos (USD) a la Secretar\u00eda en\u00a0<span style=\"color: #58b9da;\"><a style=\"color: #58b9da;\" href=\"mailto:secretary@fidafederation.org\">secretary@fidafederation.org<\/a><\/span> o Tesorer\u00eda a <span style=\"color: #58b9da;\"><a style=\"color: #58b9da;\" href=\"mailto:treasurer@fidafederation.org\">treasurer@fidafederation.org<\/a><\/span>.\u00a0<strong>Para instrucciones m\u00e1s precisas, contacte con el Secretario por correo electr\u00f3nico.<\/strong><\/p>\n<p>[\/vc_column_text][\/vc_column][\/vc_row][\/vc_section][vc_row][vc_column][vc_column_text][\/vc_column_text][\/vc_column][\/vc_row][vc_row][vc_column][\/vc_column][\/vc_row]<\/p>\n<\/div>","protected":false},"excerpt":{"rendered":"<p>[vc_section][vc_row gradient_colors=&#8221;%5B%7B%7D%5D&#8221; css=&#8221;.vc_custom_1557717705314{padding-bottom: 5% !important;}&#8221;][vc_column][vc_custom_heading text=&#8221;No s\u00f3lo hemos crecido de tal manera que ahora tenemos miembros en casi todos los rincones del mundo, sino que contamos entre nuestros miembros con algunas de las grandes l\u00edderes femeninas del mundo, muchas de las cuales tambi\u00e9n se desempe\u00f1aron como presidentas de nuestras organizaciones.&#8221; font_container=&#8221;tag:h3|font_size:20|text_align:center|color:%23222222|line_height:1.5&#8243; google_fonts=&#8221;font_family:Merriweather%3A300%2C300italic%2Cregular%2Citalic%2C700%2C700italic%2C900%2C900italic|font_style:300%20light%20italic%3A300%3Aitalic&#8221;][vc_custom_heading text=&#8221;\u00a1\u00danete a nosotras!&#8221; [&hellip;]<\/p>\n","protected":false},"author":1,"featured_media":0,"parent":9964,"menu_order":0,"comment_status":"closed","ping_status":"closed","template":"","meta":{"footnotes":""},"class_list":["post-10831","page","type-page","status-publish","hentry"],"_links":{"self":[{"href":"https:\/\/fidafederation.org\/es\/wp-json\/wp\/v2\/pages\/10831","targetHints":{"allow":["GET"]}}],"collection":[{"href":"https:\/\/fidafederation.org\/es\/wp-json\/wp\/v2\/pages"}],"about":[{"href":"https:\/\/fidafederation.org\/es\/wp-json\/wp\/v2\/types\/page"}],"author":[{"embeddable":true,"href":"https:\/\/fidafederation.org\/es\/wp-json\/wp\/v2\/users\/1"}],"replies":[{"embeddable":true,"href":"https:\/\/fidafederation.org\/es\/wp-json\/wp\/v2\/comments?post=10831"}],"version-history":[{"count":150,"href":"https:\/\/fidafederation.org\/es\/wp-json\/wp\/v2\/pages\/10831\/revisions"}],"predecessor-version":[{"id":12223,"href":"https:\/\/fidafederation.org\/es\/wp-json\/wp\/v2\/pages\/10831\/revisions\/12223"}],"up":[{"embeddable":true,"href":"https:\/\/fidafederation.org\/es\/wp-json\/wp\/v2\/pages\/9964"}],"wp:attachment":[{"href":"https:\/\/fidafederation.org\/es\/wp-json\/wp\/v2\/media?parent=10831"}],"curies":[{"name":"wp","href":"https:\/\/api.w.org\/{rel}","templated":true}]}}