{"id":10797,"date":"2019-04-27T18:51:02","date_gmt":"2019-04-27T21:51:02","guid":{"rendered":"http:\/\/piolainteractive.com\/fidaorg\/?page_id=10797"},"modified":"2020-06-29T17:32:47","modified_gmt":"2020-06-29T20:32:47","slug":"historia","status":"publish","type":"page","link":"https:\/\/fidafederation.org\/es\/nosotros\/historia\/","title":{"rendered":"Historia"},"content":{"rendered":"<div class=\"wpb-content-wrapper\"><p>[vc_section][vc_row gradient_colors=&#8221;%5B%7B%7D%5D&#8221; css=&#8221;.vc_custom_1556404860521{padding-bottom: 5% !important;}&#8221;][vc_column][vc_custom_heading text=&#8221;Comienzos&#8221; font_container=&#8221;tag:h2|font_size:42|text_align:center|color:%23222222|line_height:1.1&#8243; google_fonts=&#8221;font_family:Raleway%3A100%2C200%2C300%2Cregular%2C500%2C600%2C700%2C800%2C900|font_style:400%20regular%3A400%3Anormal&#8221;][vc_custom_heading text=&#8221;FIDA fue fundada el 4 de agosto de 1944, en la Ciudad de M\u00e9xico, M\u00e9xico.&#8221; font_container=&#8221;tag:h3|font_size:26|text_align:center|color:%23222222|line_height:1.1&#8243; google_fonts=&#8221;font_family:Raleway%3A100%2C200%2C300%2Cregular%2C500%2C600%2C700%2C800%2C900|font_style:400%20regular%3A400%3Anormal&#8221;][vc_custom_heading text=&#8221;Los miembros fundadores fueron: Rosalind G. Bates de EE.UU., Esther Talamantes de M\u00e9xico, Luisa Mar\u00eda Capo de Puerto Rico, Isabel Sierro P\u00e9rez de Cuba y Alma Paredes de Salvador. La primera Convenci\u00f3n se celebr\u00f3 en 1945 en La Habana (Cuba), y la primera presidenta fue Isabel Sierro P\u00e9rez. FIDA ha crecido hasta tener miembros en m\u00e1s de 72 pa\u00edses de todo el mundo.&#8221; font_container=&#8221;tag:p|font_size:18|text_align:center|color:%23222222|line_height:1.9&#8243; google_fonts=&#8221;font_family:Merriweather%3A300%2C300italic%2Cregular%2Citalic%2C700%2C700italic%2C900%2C900italic|font_style:300%20light%20italic%3A300%3Aitalic&#8221;][\/vc_column][\/vc_row][vc_row full_width=&#8221;stretch_row_content&#8221; content_placement=&#8221;middle&#8221; gradient_colors=&#8221;%5B%7B%7D%5D&#8221; css=&#8221;.vc_custom_1556404850348{padding-top: 5% !important;padding-right: 20% !important;padding-bottom: 5% !important;padding-left: 20% !important;background-color: #f7f7f7 !important;}&#8221;][vc_column width=&#8221;1\/2&#8243;][vc_custom_heading text=&#8221;Las fundadoras&#8221; font_container=&#8221;tag:h2|font_size:48|text_align:left|color:%23034ea2|line_height:1.1&#8243; google_fonts=&#8221;font_family:Raleway%3A100%2C200%2C300%2Cregular%2C500%2C600%2C700%2C800%2C900|font_style:700%20bold%20regular%3A700%3Anormal&#8221;][vc_custom_heading text=&#8221;Linda Bates y Esther Talamantes fueron las fundadoras de FIDA.&#8221; font_container=&#8221;tag:h3|font_size:26|text_align:left|color:%23222222|line_height:1.1&#8243; google_fonts=&#8221;font_family:Raleway%3A100%2C200%2C300%2Cregular%2C500%2C600%2C700%2C800%2C900|font_style:400%20regular%3A400%3Anormal&#8221;][vc_custom_heading text=&#8221;En 1944, en la Conferencia de la Asociaci\u00f3n Internacional de Abogados celebrada en la Ciudad de M\u00e9xico, Linda fue candidata a la junta de la Asociaci\u00f3n Internacional de Abogados, pero como era una mujer no fue aceptada. Descontentos con la cultura discriminatoria de la Asociaci\u00f3n Internacional de Abogados, las dos tomaron la decisi\u00f3n de crear una asociaci\u00f3n de abogados s\u00f3lo para mujeres, y as\u00ed fundaron la Federaci\u00f3n Internacional de Mujeres Abogadas o FIDA.&#8221; font_container=&#8221;tag:p|font_size:18|text_align:left|color:%23222222|line_height:1.9&#8243; google_fonts=&#8221;font_family:Merriweather%3A300%2C300italic%2Cregular%2Citalic%2C700%2C700italic%2C900%2C900italic|font_style:300%20light%20italic%3A300%3Aitalic&#8221;][\/vc_column][vc_column width=&#8221;1\/2&#8243;][vc_single_image image=&#8221;10812&#8243; img_size=&#8221;full&#8221; alignment=&#8221;center&#8221;][\/vc_column][\/vc_row][vc_row gap=&#8221;35&#8243; content_placement=&#8221;top&#8221; ppadding=&#8221;vc_row-padding-both&#8221; gradient_colors=&#8221;%5B%7B%7D%5D&#8221;][vc_column width=&#8221;1\/2&#8243;][vc_column_text]El sobrino de Esther Talamantes, Antonio Ram\u00edrez Talamantes, escribe:<\/p>\n<blockquote><p><i>En 1944, en la Ciudad de M\u00e9xico, tuvo lugar el &#8220;Congreso de la Asociaci\u00f3n Internacional de Abogados&#8221; en el que estuvo presente mi t\u00eda Esther Talamantes. Fue la \u00fanica abogada mexicana que asisti\u00f3 al congreso; y all\u00ed conoci\u00f3 a Linda Bates, una abogada de los Estados Unidos. Como resultado de sus conversaciones naci\u00f3 la idea de fundar la Federaci\u00f3n Internacional de Mujeres Abogadas (FIDA), que se estableci\u00f3 formalmente ese mismo a\u00f1o el 4 de agosto de 1944 en M\u00e9xico.<\/i><\/p><\/blockquote>\n<p>Esta es la raz\u00f3n del nombre espa\u00f1ol de la organizaci\u00f3n. La labor de Esther Talamantes en la formaci\u00f3n de esta organizaci\u00f3n de mujeres abogadas de todo el mundo merece reconocimiento. Actualmente hay miembros de 73 pa\u00edses.[\/vc_column_text][\/vc_column][vc_column width=&#8221;1\/2&#8243;][vc_column_text]La vida de Linda termin\u00f3 tr\u00e1gicamente en 1961. Fue asesinada en alg\u00fan momento entre el 13 y 14 de noviembre de 1961. Su cuerpo fue encontrado en su casa el 14. La familia cree que fue un asesinato llevado a cabo por un asesino a sueldo. Ella recibi\u00f3 una llamada telef\u00f3nica dici\u00e9ndole que si no se retiraba de un caso en el que hab\u00eda mucho dinero involucrado, ser\u00eda asesinada. Fue al juzgado y dej\u00f3 constancia de la llamada, pero no tom\u00f3 ninguna otra precauci\u00f3n. Nadie ha sido llevado a la justicia por el crimen. Cuando se dio la noticia, el Ayuntamiento de Los \u00c1ngeles levant\u00f3 la sesi\u00f3n del d\u00eda en un estado de shock. En ese momento estaba divorciada de su segundo marido. Su primer marido, Ernest Sutherland Bates, hab\u00eda muerto en 1939.<\/p>\n<p>Esther Talamantes fue fundadora y vicepresidenta vitalicia de FIDA, y en 1962 fue la segunda presidenta mundial de la organizaci\u00f3n. Muri\u00f3 en la Ciudad de M\u00e9xico en febrero de 2015 a la edad de 95 a\u00f1os.[\/vc_column_text][\/vc_column][\/vc_row][vc_row][vc_column][vc_btn title=&#8221;Presidentas y convenciones de FIDA por pa\u00edses desde 1960.&#8221; style=&#8221;flat&#8221; shape=&#8221;square&#8221; color=&#8221;info&#8221; size=&#8221;lg&#8221; align=&#8221;center&#8221; i_icon_fontawesome=&#8221;fa fa-list-ul&#8221; add_icon=&#8221;true&#8221; link=&#8221;url:https%3A%2F%2Ffidafederation.org%2Fes%2Fdownloads%2FFIDA-Presidents-Conventions.pdf|title:FIDA%20Presidents%20and%20Conventions|target:%20_blank|&#8221;][\/vc_column][\/vc_row][\/vc_section][vc_section][vc_row gap=&#8221;35&#8243; gradient_colors=&#8221;%5B%7B%7D%5D&#8221;][vc_column width=&#8221;1\/2&#8243;][vc_custom_heading text=&#8221;Crecimiento&#8221; font_container=&#8221;tag:h2|font_size:48|text_align:left|color:%23034ea2|line_height:1.1&#8243; google_fonts=&#8221;font_family:Raleway%3A100%2C200%2C300%2Cregular%2C500%2C600%2C700%2C800%2C900|font_style:700%20bold%20regular%3A700%3Anormal&#8221;][vc_custom_heading text=&#8221;Lamentablemente, la mayor\u00eda de los registros del crecimiento inicial de la organizaci\u00f3n se perdieron cuando muri\u00f3 el miembro bajo cuya custodia se hab\u00edan dejado.&#8221; font_container=&#8221;tag:h3|font_size:26|text_align:left|color:%23222222|line_height:1.1&#8243; google_fonts=&#8221;font_family:Raleway%3A100%2C200%2C300%2Cregular%2C500%2C600%2C700%2C800%2C900|font_style:400%20regular%3A400%3Anormal&#8221;][vc_column_text]Sin embargo, se sabe que, desde ese peque\u00f1o comienzo, en 1952 hab\u00edamos crecido lo suficiente como para ser aceptados en la familia de organizaciones no gubernamentales de las Naciones Unidas. En 1954, se nos concedi\u00f3 el estatus consultivo en ese organismo.<\/p>\n<p>Tenemos la condici\u00f3n de miembro asociado en varias ONG y nuestro n\u00famero de miembros en todas las regiones del mundo sigue creciendo.[\/vc_column_text][vc_empty_space][vc_btn title=&#8221; Relaciones con otras organizaciones&#8221; style=&#8221;flat&#8221; shape=&#8221;square&#8221; color=&#8221;info&#8221; link=&#8221;url:https%3A%2F%2Ffidafederation.org%2Fes%2Fwhat-we-do%2Fngo-relations%2F|title:NGO%20Relations||&#8221;][\/vc_column][vc_column width=&#8221;1\/2&#8243; gradient_colors=&#8221;%5B%7B%7D%5D&#8221; css=&#8221;.vc_custom_1556479982787{padding-top: 10% !important;}&#8221;][vc_single_image image=&#8221;10829&#8243; img_size=&#8221;full&#8221;][\/vc_column][\/vc_row][\/vc_section]<\/p>\n<\/div>","protected":false},"excerpt":{"rendered":"<p>[vc_section][vc_row gradient_colors=&#8221;%5B%7B%7D%5D&#8221; css=&#8221;.vc_custom_1556404860521{padding-bottom: 5% !important;}&#8221;][vc_column][vc_custom_heading text=&#8221;Comienzos&#8221; font_container=&#8221;tag:h2|font_size:42|text_align:center|color:%23222222|line_height:1.1&#8243; google_fonts=&#8221;font_family:Raleway%3A100%2C200%2C300%2Cregular%2C500%2C600%2C700%2C800%2C900|font_style:400%20regular%3A400%3Anormal&#8221;][vc_custom_heading text=&#8221;FIDA fue fundada el 4 de agosto de 1944, en la Ciudad de M\u00e9xico, M\u00e9xico.&#8221; font_container=&#8221;tag:h3|font_size:26|text_align:center|color:%23222222|line_height:1.1&#8243; google_fonts=&#8221;font_family:Raleway%3A100%2C200%2C300%2Cregular%2C500%2C600%2C700%2C800%2C900|font_style:400%20regular%3A400%3Anormal&#8221;][vc_custom_heading text=&#8221;Los miembros fundadores fueron: Rosalind G. Bates de EE.UU., Esther Talamantes de M\u00e9xico, Luisa Mar\u00eda Capo de Puerto Rico, Isabel Sierro P\u00e9rez de Cuba y Alma Paredes de Salvador. La [&hellip;]<\/p>\n","protected":false},"author":1,"featured_media":0,"parent":9964,"menu_order":0,"comment_status":"closed","ping_status":"closed","template":"","meta":{"footnotes":""},"class_list":["post-10797","page","type-page","status-publish","hentry"],"_links":{"self":[{"href":"https:\/\/fidafederation.org\/es\/wp-json\/wp\/v2\/pages\/10797","targetHints":{"allow":["GET"]}}],"collection":[{"href":"https:\/\/fidafederation.org\/es\/wp-json\/wp\/v2\/pages"}],"about":[{"href":"https:\/\/fidafederation.org\/es\/wp-json\/wp\/v2\/types\/page"}],"author":[{"embeddable":true,"href":"https:\/\/fidafederation.org\/es\/wp-json\/wp\/v2\/users\/1"}],"replies":[{"embeddable":true,"href":"https:\/\/fidafederation.org\/es\/wp-json\/wp\/v2\/comments?post=10797"}],"version-history":[{"count":40,"href":"https:\/\/fidafederation.org\/es\/wp-json\/wp\/v2\/pages\/10797\/revisions"}],"predecessor-version":[{"id":11999,"href":"https:\/\/fidafederation.org\/es\/wp-json\/wp\/v2\/pages\/10797\/revisions\/11999"}],"up":[{"embeddable":true,"href":"https:\/\/fidafederation.org\/es\/wp-json\/wp\/v2\/pages\/9964"}],"wp:attachment":[{"href":"https:\/\/fidafederation.org\/es\/wp-json\/wp\/v2\/media?parent=10797"}],"curies":[{"name":"wp","href":"https:\/\/api.w.org\/{rel}","templated":true}]}}